{"id":38260,"date":"2025-11-10T13:31:05","date_gmt":"2025-11-10T12:31:05","guid":{"rendered":"https:\/\/www.ernstbrunn-apotheke.at\/katalog\/produkt\/opsonat-spag-g-konzentrat-pekana\/"},"modified":"2025-12-08T15:48:23","modified_gmt":"2025-12-08T14:48:23","slug":"opsonat-spag-g-konzentrat-pekana","status":"publish","type":"product","link":"https:\/\/www.ernstbrunn-apotheke.at\/katalog\/produkt\/opsonat-spag-g-konzentrat-pekana\/","title":{"rendered":"Opsonat Spag. G Konzentrat Pekana"},"content":{"rendered":"<p>Opsonat Spag. G Konzentrat Pekana dient zur unterst\u00fctzenden Behandlung von entz\u00fcndlichen Krankheitsprozessen im Bereich der Schleimh\u00e4ute.<\/p>\n","protected":false},"excerpt":{"rendered":"<p>Opsonat Spag. G Konzentrat Pekana dient zur unterst\u00fctzenden Behandlung von entz\u00fcndlichen Krankheitsprozessen im Bereich der Schleimh\u00e4ute.<\/p>\n","protected":false},"featured_media":38262,"template":"","meta":{"_acf_changed":false},"product_brand":[],"product_cat":[819],"product_tag":[],"class_list":{"0":"post-38260","1":"product","2":"type-product","3":"status-publish","4":"has-post-thumbnail","6":"product_cat-o","7":"pa_packungsgroesse-150ml","9":"first","10":"instock","11":"shipping-taxable","12":"purchasable","13":"product-type-simple"},"acf":[],"_links":{"self":[{"href":"https:\/\/www.ernstbrunn-apotheke.at\/katalog\/wp-json\/wp\/v2\/product\/38260","targetHints":{"allow":["GET"]}}],"collection":[{"href":"https:\/\/www.ernstbrunn-apotheke.at\/katalog\/wp-json\/wp\/v2\/product"}],"about":[{"href":"https:\/\/www.ernstbrunn-apotheke.at\/katalog\/wp-json\/wp\/v2\/types\/product"}],"wp:featuredmedia":[{"embeddable":true,"href":"https:\/\/www.ernstbrunn-apotheke.at\/katalog\/wp-json\/wp\/v2\/media\/38262"}],"wp:attachment":[{"href":"https:\/\/www.ernstbrunn-apotheke.at\/katalog\/wp-json\/wp\/v2\/media?parent=38260"}],"wp:term":[{"taxonomy":"product_brand","embeddable":true,"href":"https:\/\/www.ernstbrunn-apotheke.at\/katalog\/wp-json\/wp\/v2\/product_brand?post=38260"},{"taxonomy":"product_cat","embeddable":true,"href":"https:\/\/www.ernstbrunn-apotheke.at\/katalog\/wp-json\/wp\/v2\/product_cat?post=38260"},{"taxonomy":"product_tag","embeddable":true,"href":"https:\/\/www.ernstbrunn-apotheke.at\/katalog\/wp-json\/wp\/v2\/product_tag?post=38260"}],"curies":[{"name":"wp","href":"https:\/\/api.w.org\/{rel}","templated":true}]}}