{"id":38119,"date":"2025-11-10T13:28:37","date_gmt":"2025-11-10T12:28:37","guid":{"rendered":"https:\/\/www.ernstbrunn-apotheke.at\/katalog\/produkt\/weleda-sinudoron-tropfen-50-ml\/"},"modified":"2025-12-08T15:47:50","modified_gmt":"2025-12-08T14:47:50","slug":"weleda-sinudoron-tropfen-50-ml","status":"publish","type":"product","link":"https:\/\/www.ernstbrunn-apotheke.at\/katalog\/produkt\/weleda-sinudoron-tropfen-50-ml\/","title":{"rendered":"Weleda Sinudoron Tropfen 50 ml"},"content":{"rendered":"<p>Sinudoron Tropfen sowohl bei akuten als auch chronisch wiederkehrenden Nasennebenh\u00f6hlenentz\u00fcndungen. Berberitze wirkt entz\u00fcndungshemmend und unterst\u00fctzt das Abschwellen der Nasenschleimh\u00e4ute. Silber und Quarz st\u00e4rken und strukturieren die aufbauenden Stoffwechselprozesse. So wird das Abheilen der entz\u00fcndlichen Vorg\u00e4nge in der Nasenschleimhaut gef\u00f6rdert.<\/p>\n","protected":false},"excerpt":{"rendered":"<p>Sinudoron Tropfen sowohl bei akuten als auch chronisch wiederkehrenden Nasennebenh\u00f6hlenentz\u00fcndungen. Berberitze wirkt entz\u00fcndungshemmend und unterst\u00fctzt das Abschwellen der Nasenschleimh\u00e4ute. Silber und Quarz st\u00e4rken und strukturieren die aufbauenden Stoffwechselprozesse. So wird das Abheilen der entz\u00fcndlichen Vorg\u00e4nge in der Nasenschleimhaut gef\u00f6rdert.<\/p>\n","protected":false},"featured_media":38121,"template":"","meta":{"_acf_changed":false},"product_brand":[567],"product_cat":[796],"product_tag":[],"class_list":{"0":"post-38119","1":"product","2":"type-product","3":"status-publish","4":"has-post-thumbnail","6":"product_brand-weleda","7":"product_cat-w","8":"pa_packungsgroesse-50ml","10":"first","11":"instock","12":"shipping-taxable","13":"purchasable","14":"product-type-simple"},"acf":[],"_links":{"self":[{"href":"https:\/\/www.ernstbrunn-apotheke.at\/katalog\/wp-json\/wp\/v2\/product\/38119","targetHints":{"allow":["GET"]}}],"collection":[{"href":"https:\/\/www.ernstbrunn-apotheke.at\/katalog\/wp-json\/wp\/v2\/product"}],"about":[{"href":"https:\/\/www.ernstbrunn-apotheke.at\/katalog\/wp-json\/wp\/v2\/types\/product"}],"wp:featuredmedia":[{"embeddable":true,"href":"https:\/\/www.ernstbrunn-apotheke.at\/katalog\/wp-json\/wp\/v2\/media\/38121"}],"wp:attachment":[{"href":"https:\/\/www.ernstbrunn-apotheke.at\/katalog\/wp-json\/wp\/v2\/media?parent=38119"}],"wp:term":[{"taxonomy":"product_brand","embeddable":true,"href":"https:\/\/www.ernstbrunn-apotheke.at\/katalog\/wp-json\/wp\/v2\/product_brand?post=38119"},{"taxonomy":"product_cat","embeddable":true,"href":"https:\/\/www.ernstbrunn-apotheke.at\/katalog\/wp-json\/wp\/v2\/product_cat?post=38119"},{"taxonomy":"product_tag","embeddable":true,"href":"https:\/\/www.ernstbrunn-apotheke.at\/katalog\/wp-json\/wp\/v2\/product_tag?post=38119"}],"curies":[{"name":"wp","href":"https:\/\/api.w.org\/{rel}","templated":true}]}}