{"id":38088,"date":"2025-11-10T13:27:52","date_gmt":"2025-11-10T12:27:52","guid":{"rendered":"https:\/\/www.ernstbrunn-apotheke.at\/katalog\/produkt\/vitamin-b-loges-komplett-filmtabletten-2\/"},"modified":"2025-12-08T15:47:43","modified_gmt":"2025-12-08T14:47:43","slug":"vitamin-b-loges-komplett-filmtabletten-2","status":"publish","type":"product","link":"https:\/\/www.ernstbrunn-apotheke.at\/katalog\/produkt\/vitamin-b-loges-komplett-filmtabletten-2\/","title":{"rendered":"Vitamin B-Loges Komplett Filmtabletten"},"content":{"rendered":"<p>Vitamin B-Loges komplett Filmtabletten liefern dem K\u00f6rper eine hochdosierte Kombination aus allen B-Vitaminen sowie komplexnahen Vitaminoiden. Das Nahrungserg\u00e4nzungsmittel f\u00f6rdert daher eine normale Funktion des Nervensystems sowie einen normalen Energiestoffwechsel.<\/p>\n","protected":false},"excerpt":{"rendered":"<p>Vitamin B-Loges komplett Filmtabletten liefern dem K\u00f6rper eine hochdosierte Kombination aus allen B-Vitaminen sowie komplexnahen Vitaminoiden. Das Nahrungserg\u00e4nzungsmittel f\u00f6rdert daher eine normale Funktion des Nervensystems sowie einen normalen Energiestoffwechsel.<\/p>\n","protected":false},"featured_media":38090,"template":"","meta":{"_acf_changed":false},"product_brand":[508],"product_cat":[799],"product_tag":[],"class_list":{"0":"post-38088","1":"product","2":"type-product","3":"status-publish","4":"has-post-thumbnail","6":"product_brand-dr-loges","7":"product_cat-v","8":"pa_packungsgroesse-120-stueck","10":"first","11":"instock","12":"shipping-taxable","13":"purchasable","14":"product-type-simple"},"acf":[],"_links":{"self":[{"href":"https:\/\/www.ernstbrunn-apotheke.at\/katalog\/wp-json\/wp\/v2\/product\/38088","targetHints":{"allow":["GET"]}}],"collection":[{"href":"https:\/\/www.ernstbrunn-apotheke.at\/katalog\/wp-json\/wp\/v2\/product"}],"about":[{"href":"https:\/\/www.ernstbrunn-apotheke.at\/katalog\/wp-json\/wp\/v2\/types\/product"}],"wp:featuredmedia":[{"embeddable":true,"href":"https:\/\/www.ernstbrunn-apotheke.at\/katalog\/wp-json\/wp\/v2\/media\/38090"}],"wp:attachment":[{"href":"https:\/\/www.ernstbrunn-apotheke.at\/katalog\/wp-json\/wp\/v2\/media?parent=38088"}],"wp:term":[{"taxonomy":"product_brand","embeddable":true,"href":"https:\/\/www.ernstbrunn-apotheke.at\/katalog\/wp-json\/wp\/v2\/product_brand?post=38088"},{"taxonomy":"product_cat","embeddable":true,"href":"https:\/\/www.ernstbrunn-apotheke.at\/katalog\/wp-json\/wp\/v2\/product_cat?post=38088"},{"taxonomy":"product_tag","embeddable":true,"href":"https:\/\/www.ernstbrunn-apotheke.at\/katalog\/wp-json\/wp\/v2\/product_tag?post=38088"}],"curies":[{"name":"wp","href":"https:\/\/api.w.org\/{rel}","templated":true}]}}