{"id":38074,"date":"2025-11-10T13:27:52","date_gmt":"2025-11-10T12:27:52","guid":{"rendered":"https:\/\/www.ernstbrunn-apotheke.at\/katalog\/produkt\/similasan-globuli-gegen-gelenkschmerzen-15-g\/"},"modified":"2025-12-08T15:47:40","modified_gmt":"2025-12-08T14:47:40","slug":"similasan-globuli-gegen-gelenkschmerzen-15-g","status":"publish","type":"product","link":"https:\/\/www.ernstbrunn-apotheke.at\/katalog\/produkt\/similasan-globuli-gegen-gelenkschmerzen-15-g\/","title":{"rendered":"Similasan Globuli gegen Gelenkschmerzen 15 g"},"content":{"rendered":"<p>Globuli gegen Gelenkschmerzen \u201eSimilasan\u201c sind ein hom\u00f6opathisches Arzneimittel. Die Hom\u00f6opathie versteht sich als Regulationstherapie bei akuten und chronischen Krankheiten. Die Anwendungsgebiete leiten sich von den hom\u00f6opathischen Arzneimittelbildern ab. Dazu geh\u00f6ren: Beschwerden bei Abnutzung (Arthrose) der kleinen und gro\u00dfen Gelenke und der Wirbels\u00e4ule, Beschwerden bei Gelenkentz\u00fcndungen (Arthritis) und Gelenkrheuma.<\/p>\n","protected":false},"excerpt":{"rendered":"<p>Globuli gegen Gelenkschmerzen \u201eSimilasan\u201c sind ein hom\u00f6opathisches Arzneimittel. Die Hom\u00f6opathie versteht sich als Regulationstherapie bei akuten und chronischen Krankheiten. Die Anwendungsgebiete leiten sich von den hom\u00f6opathischen Arzneimittelbildern ab. Dazu geh\u00f6ren: Beschwerden bei Abnutzung (Arthrose) der kleinen und gro\u00dfen Gelenke und der Wirbels\u00e4ule, Beschwerden bei Gelenkentz\u00fcndungen (Arthritis) und Gelenkrheuma.<\/p>\n","protected":false},"featured_media":38076,"template":"","meta":{"_acf_changed":false},"product_brand":[932],"product_cat":[791],"product_tag":[],"class_list":{"0":"post-38074","1":"product","2":"type-product","3":"status-publish","4":"has-post-thumbnail","6":"product_brand-similasan","7":"product_cat-s","8":"pa_packungsgroesse-15g","10":"first","11":"instock","12":"shipping-taxable","13":"purchasable","14":"product-type-simple"},"acf":[],"_links":{"self":[{"href":"https:\/\/www.ernstbrunn-apotheke.at\/katalog\/wp-json\/wp\/v2\/product\/38074","targetHints":{"allow":["GET"]}}],"collection":[{"href":"https:\/\/www.ernstbrunn-apotheke.at\/katalog\/wp-json\/wp\/v2\/product"}],"about":[{"href":"https:\/\/www.ernstbrunn-apotheke.at\/katalog\/wp-json\/wp\/v2\/types\/product"}],"wp:featuredmedia":[{"embeddable":true,"href":"https:\/\/www.ernstbrunn-apotheke.at\/katalog\/wp-json\/wp\/v2\/media\/38076"}],"wp:attachment":[{"href":"https:\/\/www.ernstbrunn-apotheke.at\/katalog\/wp-json\/wp\/v2\/media?parent=38074"}],"wp:term":[{"taxonomy":"product_brand","embeddable":true,"href":"https:\/\/www.ernstbrunn-apotheke.at\/katalog\/wp-json\/wp\/v2\/product_brand?post=38074"},{"taxonomy":"product_cat","embeddable":true,"href":"https:\/\/www.ernstbrunn-apotheke.at\/katalog\/wp-json\/wp\/v2\/product_cat?post=38074"},{"taxonomy":"product_tag","embeddable":true,"href":"https:\/\/www.ernstbrunn-apotheke.at\/katalog\/wp-json\/wp\/v2\/product_tag?post=38074"}],"curies":[{"name":"wp","href":"https:\/\/api.w.org\/{rel}","templated":true}]}}