{"id":38031,"date":"2025-11-10T13:26:44","date_gmt":"2025-11-10T12:26:44","guid":{"rendered":"https:\/\/www.ernstbrunn-apotheke.at\/katalog\/produkt\/weleda-scleron-tabletten-180-stk\/"},"modified":"2025-12-08T15:47:30","modified_gmt":"2025-12-08T14:47:30","slug":"weleda-scleron-tabletten-180-stk","status":"publish","type":"product","link":"https:\/\/www.ernstbrunn-apotheke.at\/katalog\/produkt\/weleda-scleron-tabletten-180-stk\/","title":{"rendered":"Weleda Scleron Tabletten 180 Stk."},"content":{"rendered":"<p>Weleda Scleron Tabletten sind eine hom\u00f6opathische Arzneispezialit\u00e4t der anthroposophischen Therapierichtung. Sie enthalten den Wirkstoff Plumbum mellitum D12. Zu den Anwendungsgebieten geh\u00f6ren gem\u00e4\u00df der anthroposophischen Menschen- und Naturerkenntnis unter anderem beginnender Alterungsprozess, vorzeitiger Altersabbau und Konzentrationsschw\u00e4che.<\/p>\n","protected":false},"excerpt":{"rendered":"<p>Weleda Scleron Tabletten sind eine hom\u00f6opathische Arzneispezialit\u00e4t der anthroposophischen Therapierichtung. Sie enthalten den Wirkstoff Plumbum mellitum D12. Zu den Anwendungsgebieten geh\u00f6ren gem\u00e4\u00df der anthroposophischen Menschen- und Naturerkenntnis unter anderem beginnender Alterungsprozess, vorzeitiger Altersabbau und Konzentrationsschw\u00e4che.<\/p>\n","protected":false},"featured_media":38033,"template":"","meta":{"_acf_changed":false},"product_brand":[567],"product_cat":[796],"product_tag":[],"class_list":{"0":"post-38031","1":"product","2":"type-product","3":"status-publish","4":"has-post-thumbnail","6":"product_brand-weleda","7":"product_cat-w","8":"pa_packungsgroesse-180-stueck","10":"first","11":"instock","12":"shipping-taxable","13":"purchasable","14":"product-type-simple"},"acf":[],"_links":{"self":[{"href":"https:\/\/www.ernstbrunn-apotheke.at\/katalog\/wp-json\/wp\/v2\/product\/38031","targetHints":{"allow":["GET"]}}],"collection":[{"href":"https:\/\/www.ernstbrunn-apotheke.at\/katalog\/wp-json\/wp\/v2\/product"}],"about":[{"href":"https:\/\/www.ernstbrunn-apotheke.at\/katalog\/wp-json\/wp\/v2\/types\/product"}],"wp:featuredmedia":[{"embeddable":true,"href":"https:\/\/www.ernstbrunn-apotheke.at\/katalog\/wp-json\/wp\/v2\/media\/38033"}],"wp:attachment":[{"href":"https:\/\/www.ernstbrunn-apotheke.at\/katalog\/wp-json\/wp\/v2\/media?parent=38031"}],"wp:term":[{"taxonomy":"product_brand","embeddable":true,"href":"https:\/\/www.ernstbrunn-apotheke.at\/katalog\/wp-json\/wp\/v2\/product_brand?post=38031"},{"taxonomy":"product_cat","embeddable":true,"href":"https:\/\/www.ernstbrunn-apotheke.at\/katalog\/wp-json\/wp\/v2\/product_cat?post=38031"},{"taxonomy":"product_tag","embeddable":true,"href":"https:\/\/www.ernstbrunn-apotheke.at\/katalog\/wp-json\/wp\/v2\/product_tag?post=38031"}],"curies":[{"name":"wp","href":"https:\/\/api.w.org\/{rel}","templated":true}]}}