{"id":37974,"date":"2025-11-10T13:25:56","date_gmt":"2025-11-10T12:25:56","guid":{"rendered":"https:\/\/www.ernstbrunn-apotheke.at\/katalog\/produkt\/spenglersan-20-ml-kolloid-k\/"},"modified":"2025-12-08T15:47:18","modified_gmt":"2025-12-08T14:47:18","slug":"spenglersan-20-ml-kolloid-k","status":"publish","type":"product","link":"https:\/\/www.ernstbrunn-apotheke.at\/katalog\/produkt\/spenglersan-20-ml-kolloid-k\/","title":{"rendered":"Spenglersan 20 ml Kolloid-K"},"content":{"rendered":"<p>Spenglersan eignet sich ideal f\u00fcr die t\u00e4gliche Pflege der Haut im Gesicht und am ganzen K\u00f6rper. Es hat eine leichte Textur und ist daher sehr ergiebig, zieht schnell ein und hinterl\u00e4sst keinen Fettglanz. Zudem ist das Produkt auch f\u00fcr die Intensivpflege bei rissiger Haut, Ekzemen, trockener Haut sowie bei Prellungen und kleineren Entz\u00fcndungen bestens geeignet.<\/p>\n","protected":false},"excerpt":{"rendered":"<p>Spenglersan eignet sich ideal f\u00fcr die t\u00e4gliche Pflege der Haut im Gesicht und am ganzen K\u00f6rper. Es hat eine leichte Textur und ist daher sehr ergiebig, zieht schnell ein und hinterl\u00e4sst keinen Fettglanz. Zudem ist das Produkt auch f\u00fcr die Intensivpflege bei rissiger Haut, Ekzemen, trockener Haut sowie bei Prellungen und kleineren Entz\u00fcndungen bestens geeignet.<\/p>\n","protected":false},"featured_media":37976,"template":"","meta":{"_acf_changed":false},"product_brand":[934],"product_cat":[791],"product_tag":[],"class_list":{"0":"post-37974","1":"product","2":"type-product","3":"status-publish","4":"has-post-thumbnail","6":"product_brand-spenglersan","7":"product_cat-s","8":"pa_packungsgroesse-20ml","10":"first","11":"instock","12":"shipping-taxable","13":"purchasable","14":"product-type-simple"},"acf":[],"_links":{"self":[{"href":"https:\/\/www.ernstbrunn-apotheke.at\/katalog\/wp-json\/wp\/v2\/product\/37974","targetHints":{"allow":["GET"]}}],"collection":[{"href":"https:\/\/www.ernstbrunn-apotheke.at\/katalog\/wp-json\/wp\/v2\/product"}],"about":[{"href":"https:\/\/www.ernstbrunn-apotheke.at\/katalog\/wp-json\/wp\/v2\/types\/product"}],"wp:featuredmedia":[{"embeddable":true,"href":"https:\/\/www.ernstbrunn-apotheke.at\/katalog\/wp-json\/wp\/v2\/media\/37976"}],"wp:attachment":[{"href":"https:\/\/www.ernstbrunn-apotheke.at\/katalog\/wp-json\/wp\/v2\/media?parent=37974"}],"wp:term":[{"taxonomy":"product_brand","embeddable":true,"href":"https:\/\/www.ernstbrunn-apotheke.at\/katalog\/wp-json\/wp\/v2\/product_brand?post=37974"},{"taxonomy":"product_cat","embeddable":true,"href":"https:\/\/www.ernstbrunn-apotheke.at\/katalog\/wp-json\/wp\/v2\/product_cat?post=37974"},{"taxonomy":"product_tag","embeddable":true,"href":"https:\/\/www.ernstbrunn-apotheke.at\/katalog\/wp-json\/wp\/v2\/product_tag?post=37974"}],"curies":[{"name":"wp","href":"https:\/\/api.w.org\/{rel}","templated":true}]}}