{"id":37938,"date":"2025-11-10T13:25:14","date_gmt":"2025-11-10T12:25:14","guid":{"rendered":"https:\/\/www.ernstbrunn-apotheke.at\/katalog\/produkt\/calmedoron-tropfen-50-ml\/"},"modified":"2025-12-08T15:47:11","modified_gmt":"2025-12-08T14:47:11","slug":"calmedoron-tropfen-50-ml","status":"publish","type":"product","link":"https:\/\/www.ernstbrunn-apotheke.at\/katalog\/produkt\/calmedoron-tropfen-50-ml\/","title":{"rendered":"Calmedoron Tropfen 50 ml"},"content":{"rendered":"<p>Weleda Calmedoron Tropfen wirken beruhigend und ausgleichend bei Einschlafst\u00f6rungen und Nervosit\u00e4t. Die Wirkung der beruht auf einer Mischung aus Urtinkturen ausgew\u00e4hlter Heilpflanzen und potenzierten Kaffeesamen. In dieser hochpotenzierten Form wirkt Kaffee beruhigend und f\u00f6rdert ein entspanntes Einschlafen.<\/p>\n","protected":false},"excerpt":{"rendered":"<p>Weleda Calmedoron Tropfen wirken beruhigend und ausgleichend bei Einschlafst\u00f6rungen und Nervosit\u00e4t. Die Wirkung der beruht auf einer Mischung aus Urtinkturen ausgew\u00e4hlter Heilpflanzen und potenzierten Kaffeesamen. In dieser hochpotenzierten Form wirkt Kaffee beruhigend und f\u00f6rdert ein entspanntes Einschlafen.<\/p>\n","protected":false},"featured_media":37940,"template":"","meta":{"_acf_changed":false},"product_brand":[567],"product_cat":[812],"product_tag":[],"class_list":{"0":"post-37938","1":"product","2":"type-product","3":"status-publish","4":"has-post-thumbnail","6":"product_brand-weleda","7":"product_cat-c","8":"pa_packungsgroesse-50ml","10":"first","11":"instock","12":"shipping-taxable","13":"purchasable","14":"product-type-simple"},"acf":[],"_links":{"self":[{"href":"https:\/\/www.ernstbrunn-apotheke.at\/katalog\/wp-json\/wp\/v2\/product\/37938","targetHints":{"allow":["GET"]}}],"collection":[{"href":"https:\/\/www.ernstbrunn-apotheke.at\/katalog\/wp-json\/wp\/v2\/product"}],"about":[{"href":"https:\/\/www.ernstbrunn-apotheke.at\/katalog\/wp-json\/wp\/v2\/types\/product"}],"wp:featuredmedia":[{"embeddable":true,"href":"https:\/\/www.ernstbrunn-apotheke.at\/katalog\/wp-json\/wp\/v2\/media\/37940"}],"wp:attachment":[{"href":"https:\/\/www.ernstbrunn-apotheke.at\/katalog\/wp-json\/wp\/v2\/media?parent=37938"}],"wp:term":[{"taxonomy":"product_brand","embeddable":true,"href":"https:\/\/www.ernstbrunn-apotheke.at\/katalog\/wp-json\/wp\/v2\/product_brand?post=37938"},{"taxonomy":"product_cat","embeddable":true,"href":"https:\/\/www.ernstbrunn-apotheke.at\/katalog\/wp-json\/wp\/v2\/product_cat?post=37938"},{"taxonomy":"product_tag","embeddable":true,"href":"https:\/\/www.ernstbrunn-apotheke.at\/katalog\/wp-json\/wp\/v2\/product_tag?post=37938"}],"curies":[{"name":"wp","href":"https:\/\/api.w.org\/{rel}","templated":true}]}}