{"id":37918,"date":"2025-11-10T13:24:23","date_gmt":"2025-11-10T12:24:23","guid":{"rendered":"https:\/\/www.ernstbrunn-apotheke.at\/katalog\/produkt\/phoenix-phoenohepan-tropfen-100-ml\/"},"modified":"2025-12-08T15:47:08","modified_gmt":"2025-12-08T14:47:08","slug":"phoenix-phoenohepan-tropfen-100-ml","status":"publish","type":"product","link":"https:\/\/www.ernstbrunn-apotheke.at\/katalog\/produkt\/phoenix-phoenohepan-tropfen-100-ml\/","title":{"rendered":"Ph\u00f6nix Ph\u00f6nohepan Tropfen 100 ml"},"content":{"rendered":"<p>Ph\u00f6nix Ph\u00f6nohepan Tropfen hilft bei der Anregung der Leberfunktion bei Magen-Darmkrankheiten, Verdauungsst\u00f6rungen und Leberkrankheiten sowie bei infekti\u00f6sen und entz\u00fcndlichen Erkrankungen<\/p>\n","protected":false},"excerpt":{"rendered":"<p>Ph\u00f6nix Ph\u00f6nohepan Tropfen hilft bei der Anregung der Leberfunktion bei Magen-Darmkrankheiten, Verdauungsst\u00f6rungen und Leberkrankheiten sowie bei infekti\u00f6sen und entz\u00fcndlichen Erkrankungen<\/p>\n","protected":false},"featured_media":37920,"template":"","meta":{"_acf_changed":false},"product_brand":[],"product_cat":[793],"product_tag":[],"class_list":{"0":"post-37918","1":"product","2":"type-product","3":"status-publish","4":"has-post-thumbnail","6":"product_cat-p","7":"pa_packungsgroesse-100ml","9":"first","10":"instock","11":"shipping-taxable","12":"purchasable","13":"product-type-simple"},"acf":[],"_links":{"self":[{"href":"https:\/\/www.ernstbrunn-apotheke.at\/katalog\/wp-json\/wp\/v2\/product\/37918","targetHints":{"allow":["GET"]}}],"collection":[{"href":"https:\/\/www.ernstbrunn-apotheke.at\/katalog\/wp-json\/wp\/v2\/product"}],"about":[{"href":"https:\/\/www.ernstbrunn-apotheke.at\/katalog\/wp-json\/wp\/v2\/types\/product"}],"wp:featuredmedia":[{"embeddable":true,"href":"https:\/\/www.ernstbrunn-apotheke.at\/katalog\/wp-json\/wp\/v2\/media\/37920"}],"wp:attachment":[{"href":"https:\/\/www.ernstbrunn-apotheke.at\/katalog\/wp-json\/wp\/v2\/media?parent=37918"}],"wp:term":[{"taxonomy":"product_brand","embeddable":true,"href":"https:\/\/www.ernstbrunn-apotheke.at\/katalog\/wp-json\/wp\/v2\/product_brand?post=37918"},{"taxonomy":"product_cat","embeddable":true,"href":"https:\/\/www.ernstbrunn-apotheke.at\/katalog\/wp-json\/wp\/v2\/product_cat?post=37918"},{"taxonomy":"product_tag","embeddable":true,"href":"https:\/\/www.ernstbrunn-apotheke.at\/katalog\/wp-json\/wp\/v2\/product_tag?post=37918"}],"curies":[{"name":"wp","href":"https:\/\/api.w.org\/{rel}","templated":true}]}}