{"id":37898,"date":"2025-11-10T13:24:23","date_gmt":"2025-11-10T12:24:23","guid":{"rendered":"https:\/\/www.ernstbrunn-apotheke.at\/katalog\/produkt\/apozema-dreiklang-globuli-nr-51-zur-steigerung-der-abwehrkraefte-15-g\/"},"modified":"2025-12-08T15:47:05","modified_gmt":"2025-12-08T14:47:05","slug":"apozema-dreiklang-globuli-nr-51-zur-steigerung-der-abwehrkraefte-15-g","status":"publish","type":"product","link":"https:\/\/www.ernstbrunn-apotheke.at\/katalog\/produkt\/apozema-dreiklang-globuli-nr-51-zur-steigerung-der-abwehrkraefte-15-g\/","title":{"rendered":"Apozema Dreiklang Globuli Nr. 51 zur Steigerung der Abwehrkr\u00e4fte 15 g"},"content":{"rendered":"<p>Apozema Dreiklang Globuli Nr. 51 zur Steigerung der Abwehrkr\u00e4fte dient zur Vorbeugung grippaler Infekte. Dar\u00fcber hinaus wird das Mittel auch bei geh\u00e4uftem Auftreten grippaler Infekte sowie vor der kalten Jahreszeit angewendet. Der enthaltene Rote Sonnenhut dient zudem zur Steigerung und St\u00e4rkung der k\u00f6rpereigenen Abwehrkr\u00e4fte sowie zur Unterst\u00fctzung bei Atemwegsinfekten.<\/p>\n","protected":false},"excerpt":{"rendered":"<p>Apozema Dreiklang Globuli Nr. 51 zur Steigerung der Abwehrkr\u00e4fte dient zur Vorbeugung grippaler Infekte. Dar\u00fcber hinaus wird das Mittel auch bei geh\u00e4uftem Auftreten grippaler Infekte sowie vor der kalten Jahreszeit angewendet. Der enthaltene Rote Sonnenhut dient zudem zur Steigerung und St\u00e4rkung der k\u00f6rpereigenen Abwehrkr\u00e4fte sowie zur Unterst\u00fctzung bei Atemwegsinfekten.<\/p>\n","protected":false},"featured_media":37900,"template":"","meta":{"_acf_changed":false},"product_brand":[935],"product_cat":[801],"product_tag":[],"class_list":{"0":"post-37898","1":"product","2":"type-product","3":"status-publish","4":"has-post-thumbnail","6":"product_brand-apozema","7":"product_cat-a","8":"pa_packungsgroesse-15g","10":"first","11":"instock","12":"shipping-taxable","13":"purchasable","14":"product-type-simple"},"acf":[],"_links":{"self":[{"href":"https:\/\/www.ernstbrunn-apotheke.at\/katalog\/wp-json\/wp\/v2\/product\/37898","targetHints":{"allow":["GET"]}}],"collection":[{"href":"https:\/\/www.ernstbrunn-apotheke.at\/katalog\/wp-json\/wp\/v2\/product"}],"about":[{"href":"https:\/\/www.ernstbrunn-apotheke.at\/katalog\/wp-json\/wp\/v2\/types\/product"}],"wp:featuredmedia":[{"embeddable":true,"href":"https:\/\/www.ernstbrunn-apotheke.at\/katalog\/wp-json\/wp\/v2\/media\/37900"}],"wp:attachment":[{"href":"https:\/\/www.ernstbrunn-apotheke.at\/katalog\/wp-json\/wp\/v2\/media?parent=37898"}],"wp:term":[{"taxonomy":"product_brand","embeddable":true,"href":"https:\/\/www.ernstbrunn-apotheke.at\/katalog\/wp-json\/wp\/v2\/product_brand?post=37898"},{"taxonomy":"product_cat","embeddable":true,"href":"https:\/\/www.ernstbrunn-apotheke.at\/katalog\/wp-json\/wp\/v2\/product_cat?post=37898"},{"taxonomy":"product_tag","embeddable":true,"href":"https:\/\/www.ernstbrunn-apotheke.at\/katalog\/wp-json\/wp\/v2\/product_tag?post=37898"}],"curies":[{"name":"wp","href":"https:\/\/api.w.org\/{rel}","templated":true}]}}