{"id":37830,"date":"2025-11-10T13:23:01","date_gmt":"2025-11-10T12:23:01","guid":{"rendered":"https:\/\/www.ernstbrunn-apotheke.at\/katalog\/produkt\/weleda-arnica-gel-25-g\/"},"modified":"2025-12-08T15:46:50","modified_gmt":"2025-12-08T14:46:50","slug":"weleda-arnica-gel-25-g","status":"publish","type":"product","link":"https:\/\/www.ernstbrunn-apotheke.at\/katalog\/produkt\/weleda-arnica-gel-25-g\/","title":{"rendered":"Weleda Arnica-Gel 25 g"},"content":{"rendered":"<p>Weleda Arnica-Gel k\u00fchlt und lindert bei stumpfen Verletzungen. Zur Anregung und Harmonisierung der Stoffwechsel- und Formprozesse bei stumpfen Verletzungen wie Prellungen oder Bluterg\u00fcssen. Als Alternative f\u00fcr unterwegs oder beim Sport, wenn die Anwendung eines Umschlages mit Arnika Essenz zu aufw\u00e4ndig oder nicht durchf\u00fchrbar ist, kommt das Weleda Arnica-Gel Weleda zum Einsatz. Das k\u00fchlende Gel kann im Falle einer stumpfen Verletzung schnell und unkompliziert aufgetragen werden. In der weiteren Behandlung Arnica-Gel Weleda mehrmals t\u00e4glich auf die Haut auftragen. Verletzte Gelenke werden durch Bandagieren ruhig gestellt. Achten Sie darauf, dass die Bandage nicht zu straff angelegt ist, um die Durchblutung und damit den Heilungsprozess nicht zu beeintr\u00e4chtigen.<\/p>\n","protected":false},"excerpt":{"rendered":"<p>Weleda Arnica-Gel k\u00fchlt und lindert bei stumpfen Verletzungen. Zur Anregung und Harmonisierung der Stoffwechsel- und Formprozesse bei stumpfen Verletzungen wie Prellungen oder Bluterg\u00fcssen. Als Alternative f\u00fcr unterwegs oder beim Sport, wenn die Anwendung eines Umschlages mit Arnika Essenz zu aufw\u00e4ndig oder nicht durchf\u00fchrbar ist, kommt das Weleda Arnica-Gel Weleda zum Einsatz. Das k\u00fchlende Gel kann [&hellip;]<\/p>\n","protected":false},"featured_media":37832,"template":"","meta":{"_acf_changed":false},"product_brand":[567],"product_cat":[796],"product_tag":[],"class_list":{"0":"post-37830","1":"product","2":"type-product","3":"status-publish","4":"has-post-thumbnail","6":"product_brand-weleda","7":"product_cat-w","8":"pa_packungsgroesse-25g","10":"first","11":"instock","12":"shipping-taxable","13":"purchasable","14":"product-type-simple"},"acf":[],"_links":{"self":[{"href":"https:\/\/www.ernstbrunn-apotheke.at\/katalog\/wp-json\/wp\/v2\/product\/37830","targetHints":{"allow":["GET"]}}],"collection":[{"href":"https:\/\/www.ernstbrunn-apotheke.at\/katalog\/wp-json\/wp\/v2\/product"}],"about":[{"href":"https:\/\/www.ernstbrunn-apotheke.at\/katalog\/wp-json\/wp\/v2\/types\/product"}],"wp:featuredmedia":[{"embeddable":true,"href":"https:\/\/www.ernstbrunn-apotheke.at\/katalog\/wp-json\/wp\/v2\/media\/37832"}],"wp:attachment":[{"href":"https:\/\/www.ernstbrunn-apotheke.at\/katalog\/wp-json\/wp\/v2\/media?parent=37830"}],"wp:term":[{"taxonomy":"product_brand","embeddable":true,"href":"https:\/\/www.ernstbrunn-apotheke.at\/katalog\/wp-json\/wp\/v2\/product_brand?post=37830"},{"taxonomy":"product_cat","embeddable":true,"href":"https:\/\/www.ernstbrunn-apotheke.at\/katalog\/wp-json\/wp\/v2\/product_cat?post=37830"},{"taxonomy":"product_tag","embeddable":true,"href":"https:\/\/www.ernstbrunn-apotheke.at\/katalog\/wp-json\/wp\/v2\/product_tag?post=37830"}],"curies":[{"name":"wp","href":"https:\/\/api.w.org\/{rel}","templated":true}]}}