{"id":37802,"date":"2025-11-10T13:22:05","date_gmt":"2025-11-10T12:22:05","guid":{"rendered":"https:\/\/www.ernstbrunn-apotheke.at\/katalog\/produkt\/phoenix-solidago-spag-100-ml\/"},"modified":"2025-12-08T15:46:46","modified_gmt":"2025-12-08T14:46:46","slug":"phoenix-solidago-spag-100-ml","status":"publish","type":"product","link":"https:\/\/www.ernstbrunn-apotheke.at\/katalog\/produkt\/phoenix-solidago-spag-100-ml\/","title":{"rendered":"Ph\u00f6nix Solidago Spag. 100 ml"},"content":{"rendered":"<p>Ph\u00f6nix Solidago spag. Tropfen estehen aus 4 spagyrischen Kombinationsarzneimitteln. Die Ausscheidungsorgane Leber, Niere, Haut bzw. Schleimhaut und Lymphsystem werden f\u00fcr den Transport und die schonende Ausleitung von Schlacken- bzw.Schadstoffen, die sich in den K\u00f6rperzellen und Bindegewebe eingelagert haben, aktiviert.Diese Therapie kann j\u00e4hrlich 2 mal durchgef\u00fchrt werden &#8211; jetzt stark preisreduziert bestellen!<\/p>\n","protected":false},"excerpt":{"rendered":"<p>Ph\u00f6nix Solidago spag. Tropfen estehen aus 4 spagyrischen Kombinationsarzneimitteln. Die Ausscheidungsorgane Leber, Niere, Haut bzw. Schleimhaut und Lymphsystem werden f\u00fcr den Transport und die schonende Ausleitung von Schlacken- bzw.Schadstoffen, die sich in den K\u00f6rperzellen und Bindegewebe eingelagert haben, aktiviert.Diese Therapie kann j\u00e4hrlich 2 mal durchgef\u00fchrt werden &#8211; jetzt stark preisreduziert bestellen!<\/p>\n","protected":false},"featured_media":37804,"template":"","meta":{"_acf_changed":false},"product_brand":[],"product_cat":[793],"product_tag":[],"class_list":{"0":"post-37802","1":"product","2":"type-product","3":"status-publish","4":"has-post-thumbnail","6":"product_cat-p","7":"pa_packungsgroesse-100ml","9":"first","10":"instock","11":"shipping-taxable","12":"purchasable","13":"product-type-simple"},"acf":[],"_links":{"self":[{"href":"https:\/\/www.ernstbrunn-apotheke.at\/katalog\/wp-json\/wp\/v2\/product\/37802","targetHints":{"allow":["GET"]}}],"collection":[{"href":"https:\/\/www.ernstbrunn-apotheke.at\/katalog\/wp-json\/wp\/v2\/product"}],"about":[{"href":"https:\/\/www.ernstbrunn-apotheke.at\/katalog\/wp-json\/wp\/v2\/types\/product"}],"wp:featuredmedia":[{"embeddable":true,"href":"https:\/\/www.ernstbrunn-apotheke.at\/katalog\/wp-json\/wp\/v2\/media\/37804"}],"wp:attachment":[{"href":"https:\/\/www.ernstbrunn-apotheke.at\/katalog\/wp-json\/wp\/v2\/media?parent=37802"}],"wp:term":[{"taxonomy":"product_brand","embeddable":true,"href":"https:\/\/www.ernstbrunn-apotheke.at\/katalog\/wp-json\/wp\/v2\/product_brand?post=37802"},{"taxonomy":"product_cat","embeddable":true,"href":"https:\/\/www.ernstbrunn-apotheke.at\/katalog\/wp-json\/wp\/v2\/product_cat?post=37802"},{"taxonomy":"product_tag","embeddable":true,"href":"https:\/\/www.ernstbrunn-apotheke.at\/katalog\/wp-json\/wp\/v2\/product_tag?post=37802"}],"curies":[{"name":"wp","href":"https:\/\/api.w.org\/{rel}","templated":true}]}}