{"id":37758,"date":"2025-11-10T13:21:31","date_gmt":"2025-11-10T12:21:31","guid":{"rendered":"https:\/\/www.ernstbrunn-apotheke.at\/katalog\/produkt\/neurodoron-tabletten-200-stk\/"},"modified":"2025-12-08T15:46:37","modified_gmt":"2025-12-08T14:46:37","slug":"neurodoron-tabletten-200-stk","status":"publish","type":"product","link":"https:\/\/www.ernstbrunn-apotheke.at\/katalog\/produkt\/neurodoron-tabletten-200-stk\/","title":{"rendered":"Neurodoron Tabletten 200 Stk."},"content":{"rendered":"<p>Neurodoron Tabletten dienen zur St\u00e4rkung und Stabilisierung des seelischen und k\u00f6rperlichen Gleichgewichts. Anhaltende Belastungen im Privat- oder auch Berufsleben zehren an unseren Nerven. Wenn die M\u00f6glichkeit zum Ausgleich und zur Entspannung nicht gegeben ist, f\u00fchlen wir uns anfangs noch herausgefordert, bald aber \u00fcberfordert. Genau hier sind diese Tabletten das Mittel erster Wahl.<\/p>\n","protected":false},"excerpt":{"rendered":"<p>Neurodoron Tabletten dienen zur St\u00e4rkung und Stabilisierung des seelischen und k\u00f6rperlichen Gleichgewichts. Anhaltende Belastungen im Privat- oder auch Berufsleben zehren an unseren Nerven. Wenn die M\u00f6glichkeit zum Ausgleich und zur Entspannung nicht gegeben ist, f\u00fchlen wir uns anfangs noch herausgefordert, bald aber \u00fcberfordert. Genau hier sind diese Tabletten das Mittel erster Wahl.<\/p>\n","protected":false},"featured_media":37760,"template":"","meta":{"_acf_changed":false},"product_brand":[567],"product_cat":[797],"product_tag":[],"class_list":{"0":"post-37758","1":"product","2":"type-product","3":"status-publish","4":"has-post-thumbnail","6":"product_brand-weleda","7":"product_cat-n","8":"pa_packungsgroesse-200-stueck","10":"first","11":"instock","12":"shipping-taxable","13":"purchasable","14":"product-type-simple"},"acf":[],"_links":{"self":[{"href":"https:\/\/www.ernstbrunn-apotheke.at\/katalog\/wp-json\/wp\/v2\/product\/37758","targetHints":{"allow":["GET"]}}],"collection":[{"href":"https:\/\/www.ernstbrunn-apotheke.at\/katalog\/wp-json\/wp\/v2\/product"}],"about":[{"href":"https:\/\/www.ernstbrunn-apotheke.at\/katalog\/wp-json\/wp\/v2\/types\/product"}],"wp:featuredmedia":[{"embeddable":true,"href":"https:\/\/www.ernstbrunn-apotheke.at\/katalog\/wp-json\/wp\/v2\/media\/37760"}],"wp:attachment":[{"href":"https:\/\/www.ernstbrunn-apotheke.at\/katalog\/wp-json\/wp\/v2\/media?parent=37758"}],"wp:term":[{"taxonomy":"product_brand","embeddable":true,"href":"https:\/\/www.ernstbrunn-apotheke.at\/katalog\/wp-json\/wp\/v2\/product_brand?post=37758"},{"taxonomy":"product_cat","embeddable":true,"href":"https:\/\/www.ernstbrunn-apotheke.at\/katalog\/wp-json\/wp\/v2\/product_cat?post=37758"},{"taxonomy":"product_tag","embeddable":true,"href":"https:\/\/www.ernstbrunn-apotheke.at\/katalog\/wp-json\/wp\/v2\/product_tag?post=37758"}],"curies":[{"name":"wp","href":"https:\/\/api.w.org\/{rel}","templated":true}]}}