{"id":37730,"date":"2025-11-10T13:20:49","date_gmt":"2025-11-10T12:20:49","guid":{"rendered":"https:\/\/www.ernstbrunn-apotheke.at\/katalog\/produkt\/similasan-globuli-gegen-schlafstoerungen-15-g\/"},"modified":"2025-12-08T15:46:31","modified_gmt":"2025-12-08T14:46:31","slug":"similasan-globuli-gegen-schlafstoerungen-15-g","status":"publish","type":"product","link":"https:\/\/www.ernstbrunn-apotheke.at\/katalog\/produkt\/similasan-globuli-gegen-schlafstoerungen-15-g\/","title":{"rendered":"Similasan Globuli gegen Schlafst\u00f6rungen 15 g"},"content":{"rendered":"<p>Similasan\u00ae Globuli gegen Schlafst\u00f6rungen sind ein hom\u00f6opathisches Kombinationsmittel, welches bei Ein- und Durchschlafst\u00f6rungen sowie bei unruhigem Schlaf helfen kann.<\/p>\n","protected":false},"excerpt":{"rendered":"<p>Similasan\u00ae Globuli gegen Schlafst\u00f6rungen sind ein hom\u00f6opathisches Kombinationsmittel, welches bei Ein- und Durchschlafst\u00f6rungen sowie bei unruhigem Schlaf helfen kann.<\/p>\n","protected":false},"featured_media":37732,"template":"","meta":{"_acf_changed":false},"product_brand":[932],"product_cat":[791],"product_tag":[],"class_list":{"0":"post-37730","1":"product","2":"type-product","3":"status-publish","4":"has-post-thumbnail","6":"product_brand-similasan","7":"product_cat-s","8":"pa_packungsgroesse-15g","10":"first","11":"instock","12":"shipping-taxable","13":"purchasable","14":"product-type-simple"},"acf":[],"_links":{"self":[{"href":"https:\/\/www.ernstbrunn-apotheke.at\/katalog\/wp-json\/wp\/v2\/product\/37730","targetHints":{"allow":["GET"]}}],"collection":[{"href":"https:\/\/www.ernstbrunn-apotheke.at\/katalog\/wp-json\/wp\/v2\/product"}],"about":[{"href":"https:\/\/www.ernstbrunn-apotheke.at\/katalog\/wp-json\/wp\/v2\/types\/product"}],"wp:featuredmedia":[{"embeddable":true,"href":"https:\/\/www.ernstbrunn-apotheke.at\/katalog\/wp-json\/wp\/v2\/media\/37732"}],"wp:attachment":[{"href":"https:\/\/www.ernstbrunn-apotheke.at\/katalog\/wp-json\/wp\/v2\/media?parent=37730"}],"wp:term":[{"taxonomy":"product_brand","embeddable":true,"href":"https:\/\/www.ernstbrunn-apotheke.at\/katalog\/wp-json\/wp\/v2\/product_brand?post=37730"},{"taxonomy":"product_cat","embeddable":true,"href":"https:\/\/www.ernstbrunn-apotheke.at\/katalog\/wp-json\/wp\/v2\/product_cat?post=37730"},{"taxonomy":"product_tag","embeddable":true,"href":"https:\/\/www.ernstbrunn-apotheke.at\/katalog\/wp-json\/wp\/v2\/product_tag?post=37730"}],"curies":[{"name":"wp","href":"https:\/\/api.w.org\/{rel}","templated":true}]}}