{"id":37685,"date":"2025-11-10T13:19:48","date_gmt":"2025-11-10T12:19:48","guid":{"rendered":"https:\/\/www.ernstbrunn-apotheke.at\/katalog\/produkt\/cefagil-tabletten-bei-sexueller-schwaeche-100-stk\/"},"modified":"2025-12-08T15:46:24","modified_gmt":"2025-12-08T14:46:24","slug":"cefagil-tabletten-bei-sexueller-schwaeche-100-stk","status":"publish","type":"product","link":"https:\/\/www.ernstbrunn-apotheke.at\/katalog\/produkt\/cefagil-tabletten-bei-sexueller-schwaeche-100-stk\/","title":{"rendered":"Cefagil &#8211; Tabletten bei sexueller Schw\u00e4che 100 Stk."},"content":{"rendered":"<p>Cefagil &#8211; Tabletten bei sexueller Schw\u00e4che wecken mithilfe der Turnera diffusa die sexuelle Erlebnisf\u00e4higkeit bei Mann und Frau. Die Tabletten werden bei sexueller Schw\u00e4che eingesetzt. Zudem f\u00f6rdern sie die Durchblutung des Unterleibes sowie die sexuelle Erregbarkeit.<\/p>\n","protected":false},"excerpt":{"rendered":"<p>Cefagil &#8211; Tabletten bei sexueller Schw\u00e4che wecken mithilfe der Turnera diffusa die sexuelle Erlebnisf\u00e4higkeit bei Mann und Frau. Die Tabletten werden bei sexueller Schw\u00e4che eingesetzt. Zudem f\u00f6rdern sie die Durchblutung des Unterleibes sowie die sexuelle Erregbarkeit.<\/p>\n","protected":false},"featured_media":37687,"template":"","meta":{"_acf_changed":false},"product_brand":[],"product_cat":[812],"product_tag":[],"class_list":{"0":"post-37685","1":"product","2":"type-product","3":"status-publish","4":"has-post-thumbnail","6":"product_cat-c","7":"pa_packungsgroesse-100-stueck","9":"first","10":"instock","11":"shipping-taxable","12":"purchasable","13":"product-type-simple"},"acf":[],"_links":{"self":[{"href":"https:\/\/www.ernstbrunn-apotheke.at\/katalog\/wp-json\/wp\/v2\/product\/37685","targetHints":{"allow":["GET"]}}],"collection":[{"href":"https:\/\/www.ernstbrunn-apotheke.at\/katalog\/wp-json\/wp\/v2\/product"}],"about":[{"href":"https:\/\/www.ernstbrunn-apotheke.at\/katalog\/wp-json\/wp\/v2\/types\/product"}],"wp:featuredmedia":[{"embeddable":true,"href":"https:\/\/www.ernstbrunn-apotheke.at\/katalog\/wp-json\/wp\/v2\/media\/37687"}],"wp:attachment":[{"href":"https:\/\/www.ernstbrunn-apotheke.at\/katalog\/wp-json\/wp\/v2\/media?parent=37685"}],"wp:term":[{"taxonomy":"product_brand","embeddable":true,"href":"https:\/\/www.ernstbrunn-apotheke.at\/katalog\/wp-json\/wp\/v2\/product_brand?post=37685"},{"taxonomy":"product_cat","embeddable":true,"href":"https:\/\/www.ernstbrunn-apotheke.at\/katalog\/wp-json\/wp\/v2\/product_cat?post=37685"},{"taxonomy":"product_tag","embeddable":true,"href":"https:\/\/www.ernstbrunn-apotheke.at\/katalog\/wp-json\/wp\/v2\/product_tag?post=37685"}],"curies":[{"name":"wp","href":"https:\/\/api.w.org\/{rel}","templated":true}]}}