{"id":37625,"date":"2025-11-10T13:19:15","date_gmt":"2025-11-10T12:19:15","guid":{"rendered":"https:\/\/www.ernstbrunn-apotheke.at\/katalog\/produkt\/similasan-trockene-augen-augentropfen-monodosen-10-stk\/"},"modified":"2025-12-08T15:46:13","modified_gmt":"2025-12-08T14:46:13","slug":"similasan-trockene-augen-augentropfen-monodosen-10-stk","status":"publish","type":"product","link":"https:\/\/www.ernstbrunn-apotheke.at\/katalog\/produkt\/similasan-trockene-augen-augentropfen-monodosen-10-stk\/","title":{"rendered":"Similasan Trockene Augen Augentropfen Monodosen 10 Stk."},"content":{"rendered":"<p>Zur Milderung von Beschwerden, die durch eine Beeintr\u00e4chtigung des Tr\u00e4nenfilms (\u201eTrockenheit\u201c) im Auge hervorgerufen werden, so wie: Ger\u00f6tete Augenlider, Jucken oder Brennen der Augenbindeh\u00e4ute, Fremdk\u00f6rpergef\u00fchl oder Sandgef\u00fchl im Auge, Augentr\u00e4nen nach Trockenheit oder Lichtempfindlichkeit..<\/p>\n","protected":false},"excerpt":{"rendered":"<p>Zur Milderung von Beschwerden, die durch eine Beeintr\u00e4chtigung des Tr\u00e4nenfilms (\u201eTrockenheit\u201c) im Auge hervorgerufen werden, so wie: Ger\u00f6tete Augenlider, Jucken oder Brennen der Augenbindeh\u00e4ute, Fremdk\u00f6rpergef\u00fchl oder Sandgef\u00fchl im Auge, Augentr\u00e4nen nach Trockenheit oder Lichtempfindlichkeit..<\/p>\n","protected":false},"featured_media":37627,"template":"","meta":{"_acf_changed":false},"product_brand":[932],"product_cat":[791],"product_tag":[],"class_list":{"0":"post-37625","1":"product","2":"type-product","3":"status-publish","4":"has-post-thumbnail","6":"product_brand-similasan","7":"product_cat-s","8":"pa_packungsgroesse-10-stueck","10":"first","11":"instock","12":"shipping-taxable","13":"purchasable","14":"product-type-simple"},"acf":[],"_links":{"self":[{"href":"https:\/\/www.ernstbrunn-apotheke.at\/katalog\/wp-json\/wp\/v2\/product\/37625","targetHints":{"allow":["GET"]}}],"collection":[{"href":"https:\/\/www.ernstbrunn-apotheke.at\/katalog\/wp-json\/wp\/v2\/product"}],"about":[{"href":"https:\/\/www.ernstbrunn-apotheke.at\/katalog\/wp-json\/wp\/v2\/types\/product"}],"wp:featuredmedia":[{"embeddable":true,"href":"https:\/\/www.ernstbrunn-apotheke.at\/katalog\/wp-json\/wp\/v2\/media\/37627"}],"wp:attachment":[{"href":"https:\/\/www.ernstbrunn-apotheke.at\/katalog\/wp-json\/wp\/v2\/media?parent=37625"}],"wp:term":[{"taxonomy":"product_brand","embeddable":true,"href":"https:\/\/www.ernstbrunn-apotheke.at\/katalog\/wp-json\/wp\/v2\/product_brand?post=37625"},{"taxonomy":"product_cat","embeddable":true,"href":"https:\/\/www.ernstbrunn-apotheke.at\/katalog\/wp-json\/wp\/v2\/product_cat?post=37625"},{"taxonomy":"product_tag","embeddable":true,"href":"https:\/\/www.ernstbrunn-apotheke.at\/katalog\/wp-json\/wp\/v2\/product_tag?post=37625"}],"curies":[{"name":"wp","href":"https:\/\/api.w.org\/{rel}","templated":true}]}}