{"id":37551,"date":"2025-11-10T13:17:38","date_gmt":"2025-11-10T12:17:38","guid":{"rendered":"https:\/\/www.ernstbrunn-apotheke.at\/katalog\/produkt\/weleda-anis-pyrit-tabletten-80-stk\/"},"modified":"2025-12-08T15:46:01","modified_gmt":"2025-12-08T14:46:01","slug":"weleda-anis-pyrit-tabletten-80-stk","status":"publish","type":"product","link":"https:\/\/www.ernstbrunn-apotheke.at\/katalog\/produkt\/weleda-anis-pyrit-tabletten-80-stk\/","title":{"rendered":"Weleda Anis Pyrit Tabletten 80 Stk."},"content":{"rendered":"<p>Weleda Anis Pyrit Tabletten lindern Halsschmerzen und Heiserkeit. Das \u00e4therische \u00d6l der aromatischen Anisfrucht wirkt antibakteriell und krampfl\u00f6send. Auch nach Bronchial- und Kehlkopfkatarrh anwendbar.<\/p>\n","protected":false},"excerpt":{"rendered":"<p>Weleda Anis Pyrit Tabletten lindern Halsschmerzen und Heiserkeit. Das \u00e4therische \u00d6l der aromatischen Anisfrucht wirkt antibakteriell und krampfl\u00f6send. Auch nach Bronchial- und Kehlkopfkatarrh anwendbar.<\/p>\n","protected":false},"featured_media":37553,"template":"","meta":{"_acf_changed":false},"product_brand":[567],"product_cat":[796],"product_tag":[],"class_list":{"0":"post-37551","1":"product","2":"type-product","3":"status-publish","4":"has-post-thumbnail","6":"product_brand-weleda","7":"product_cat-w","8":"pa_packungsgroesse-80-stueck","10":"first","11":"instock","12":"shipping-taxable","13":"purchasable","14":"product-type-simple"},"acf":[],"_links":{"self":[{"href":"https:\/\/www.ernstbrunn-apotheke.at\/katalog\/wp-json\/wp\/v2\/product\/37551","targetHints":{"allow":["GET"]}}],"collection":[{"href":"https:\/\/www.ernstbrunn-apotheke.at\/katalog\/wp-json\/wp\/v2\/product"}],"about":[{"href":"https:\/\/www.ernstbrunn-apotheke.at\/katalog\/wp-json\/wp\/v2\/types\/product"}],"wp:featuredmedia":[{"embeddable":true,"href":"https:\/\/www.ernstbrunn-apotheke.at\/katalog\/wp-json\/wp\/v2\/media\/37553"}],"wp:attachment":[{"href":"https:\/\/www.ernstbrunn-apotheke.at\/katalog\/wp-json\/wp\/v2\/media?parent=37551"}],"wp:term":[{"taxonomy":"product_brand","embeddable":true,"href":"https:\/\/www.ernstbrunn-apotheke.at\/katalog\/wp-json\/wp\/v2\/product_brand?post=37551"},{"taxonomy":"product_cat","embeddable":true,"href":"https:\/\/www.ernstbrunn-apotheke.at\/katalog\/wp-json\/wp\/v2\/product_cat?post=37551"},{"taxonomy":"product_tag","embeddable":true,"href":"https:\/\/www.ernstbrunn-apotheke.at\/katalog\/wp-json\/wp\/v2\/product_tag?post=37551"}],"curies":[{"name":"wp","href":"https:\/\/api.w.org\/{rel}","templated":true}]}}