{"id":37467,"date":"2025-11-10T13:16:09","date_gmt":"2025-11-10T12:16:09","guid":{"rendered":"https:\/\/www.ernstbrunn-apotheke.at\/katalog\/produkt\/similasan-schnupfenspray-20-ml\/"},"modified":"2025-12-08T15:45:45","modified_gmt":"2025-12-08T14:45:45","slug":"similasan-schnupfenspray-20-ml","status":"publish","type":"product","link":"https:\/\/www.ernstbrunn-apotheke.at\/katalog\/produkt\/similasan-schnupfenspray-20-ml\/","title":{"rendered":"Similasan Schnupfenspray 20 ml"},"content":{"rendered":"<p>Schnupfenspray \u201eSimilasan\u201c ist ein hom\u00f6opathisches Arzneimittel. Die Hom\u00f6opathie versteht sich als Regulationstherapie bei akuten und chronischen Krankheiten. Die Anwendungsgebiete leiten sich von den hom\u00f6opathischen Arzneimittelbildern ab. Dazu geh\u00f6ren: Schnupfen bei Erk\u00e4ltungen, allergischer Schnupfen (Heuschnupfen), Schnupfen mit Krustenbildung an den Nasenschleimh\u00e4uten, Stirn- und Kieferh\u00f6hlenkatarrhe und trockene Reizzust\u00e4nde der Nasenschleimh\u00e4ute.<\/p>\n","protected":false},"excerpt":{"rendered":"<p>Schnupfenspray \u201eSimilasan\u201c ist ein hom\u00f6opathisches Arzneimittel. Die Hom\u00f6opathie versteht sich als Regulationstherapie bei akuten und chronischen Krankheiten. Die Anwendungsgebiete leiten sich von den hom\u00f6opathischen Arzneimittelbildern ab. Dazu geh\u00f6ren: Schnupfen bei Erk\u00e4ltungen, allergischer Schnupfen (Heuschnupfen), Schnupfen mit Krustenbildung an den Nasenschleimh\u00e4uten, Stirn- und Kieferh\u00f6hlenkatarrhe und trockene Reizzust\u00e4nde der Nasenschleimh\u00e4ute.<\/p>\n","protected":false},"featured_media":37469,"template":"","meta":{"_acf_changed":false},"product_brand":[932],"product_cat":[791],"product_tag":[],"class_list":{"0":"post-37467","1":"product","2":"type-product","3":"status-publish","4":"has-post-thumbnail","6":"product_brand-similasan","7":"product_cat-s","8":"pa_packungsgroesse-20ml","10":"first","11":"instock","12":"shipping-taxable","13":"purchasable","14":"product-type-simple"},"acf":[],"_links":{"self":[{"href":"https:\/\/www.ernstbrunn-apotheke.at\/katalog\/wp-json\/wp\/v2\/product\/37467","targetHints":{"allow":["GET"]}}],"collection":[{"href":"https:\/\/www.ernstbrunn-apotheke.at\/katalog\/wp-json\/wp\/v2\/product"}],"about":[{"href":"https:\/\/www.ernstbrunn-apotheke.at\/katalog\/wp-json\/wp\/v2\/types\/product"}],"wp:featuredmedia":[{"embeddable":true,"href":"https:\/\/www.ernstbrunn-apotheke.at\/katalog\/wp-json\/wp\/v2\/media\/37469"}],"wp:attachment":[{"href":"https:\/\/www.ernstbrunn-apotheke.at\/katalog\/wp-json\/wp\/v2\/media?parent=37467"}],"wp:term":[{"taxonomy":"product_brand","embeddable":true,"href":"https:\/\/www.ernstbrunn-apotheke.at\/katalog\/wp-json\/wp\/v2\/product_brand?post=37467"},{"taxonomy":"product_cat","embeddable":true,"href":"https:\/\/www.ernstbrunn-apotheke.at\/katalog\/wp-json\/wp\/v2\/product_cat?post=37467"},{"taxonomy":"product_tag","embeddable":true,"href":"https:\/\/www.ernstbrunn-apotheke.at\/katalog\/wp-json\/wp\/v2\/product_tag?post=37467"}],"curies":[{"name":"wp","href":"https:\/\/api.w.org\/{rel}","templated":true}]}}