{"id":37457,"date":"2025-11-10T13:15:09","date_gmt":"2025-11-10T12:15:09","guid":{"rendered":"https:\/\/www.ernstbrunn-apotheke.at\/katalog\/produkt\/weleda-heilsalbe-25-g\/"},"modified":"2025-12-08T15:45:44","modified_gmt":"2025-12-08T14:45:44","slug":"weleda-heilsalbe-25-g","status":"publish","type":"product","link":"https:\/\/www.ernstbrunn-apotheke.at\/katalog\/produkt\/weleda-heilsalbe-25-g\/","title":{"rendered":"Weleda Heilsalbe 25 g"},"content":{"rendered":"<p>Weleda Heilsalbe hat vielseitige Anwendungsm\u00f6glichkeiten. Sie hilft bei der raschen Abheilung kleiner, oberfl\u00e4chlicher Verletzungen, aber auch bei tieferen Entz\u00fcndungen wie bei Furunkeln und Abszessen. Heilkr\u00e4fte wie Calendula, Bingelkraut, Perubalsam, L\u00e4rchenharz und Antimon erg\u00e4nzen einander.<\/p>\n","protected":false},"excerpt":{"rendered":"<p>Weleda Heilsalbe hat vielseitige Anwendungsm\u00f6glichkeiten. Sie hilft bei der raschen Abheilung kleiner, oberfl\u00e4chlicher Verletzungen, aber auch bei tieferen Entz\u00fcndungen wie bei Furunkeln und Abszessen. Heilkr\u00e4fte wie Calendula, Bingelkraut, Perubalsam, L\u00e4rchenharz und Antimon erg\u00e4nzen einander.<\/p>\n","protected":false},"featured_media":37459,"template":"","meta":{"_acf_changed":false},"product_brand":[567],"product_cat":[796],"product_tag":[],"class_list":{"0":"post-37457","1":"product","2":"type-product","3":"status-publish","4":"has-post-thumbnail","6":"product_brand-weleda","7":"product_cat-w","8":"pa_packungsgroesse-25g","10":"first","11":"instock","12":"shipping-taxable","13":"purchasable","14":"product-type-simple"},"acf":[],"_links":{"self":[{"href":"https:\/\/www.ernstbrunn-apotheke.at\/katalog\/wp-json\/wp\/v2\/product\/37457","targetHints":{"allow":["GET"]}}],"collection":[{"href":"https:\/\/www.ernstbrunn-apotheke.at\/katalog\/wp-json\/wp\/v2\/product"}],"about":[{"href":"https:\/\/www.ernstbrunn-apotheke.at\/katalog\/wp-json\/wp\/v2\/types\/product"}],"wp:featuredmedia":[{"embeddable":true,"href":"https:\/\/www.ernstbrunn-apotheke.at\/katalog\/wp-json\/wp\/v2\/media\/37459"}],"wp:attachment":[{"href":"https:\/\/www.ernstbrunn-apotheke.at\/katalog\/wp-json\/wp\/v2\/media?parent=37457"}],"wp:term":[{"taxonomy":"product_brand","embeddable":true,"href":"https:\/\/www.ernstbrunn-apotheke.at\/katalog\/wp-json\/wp\/v2\/product_brand?post=37457"},{"taxonomy":"product_cat","embeddable":true,"href":"https:\/\/www.ernstbrunn-apotheke.at\/katalog\/wp-json\/wp\/v2\/product_cat?post=37457"},{"taxonomy":"product_tag","embeddable":true,"href":"https:\/\/www.ernstbrunn-apotheke.at\/katalog\/wp-json\/wp\/v2\/product_tag?post=37457"}],"curies":[{"name":"wp","href":"https:\/\/api.w.org\/{rel}","templated":true}]}}