{"id":37418,"date":"2025-11-10T13:15:09","date_gmt":"2025-11-10T12:15:09","guid":{"rendered":"https:\/\/www.ernstbrunn-apotheke.at\/katalog\/produkt\/osanit-blaehungskuegelchen\/"},"modified":"2025-12-08T15:45:38","modified_gmt":"2025-12-08T14:45:38","slug":"osanit-blaehungskuegelchen","status":"publish","type":"product","link":"https:\/\/www.ernstbrunn-apotheke.at\/katalog\/produkt\/osanit-blaehungskuegelchen\/","title":{"rendered":"Osanit Bl\u00e4hungsk\u00fcgelchen"},"content":{"rendered":"<p>Osanit Bl\u00e4hungsk\u00fcgelchen ist ein hom\u00f6opathisches Arzneimittel in Form von Globuli (K\u00fcgelchen). Es ist eine sanfte Alternative, um die Schmerzen der ganz Kleinen bei Bl\u00e4hungen zu lindern und dabei ihre Selbstheilungskr\u00e4fte zu aktivieren und zu st\u00e4rken..<\/p>\n","protected":false},"excerpt":{"rendered":"<p>Osanit Bl\u00e4hungsk\u00fcgelchen ist ein hom\u00f6opathisches Arzneimittel in Form von Globuli (K\u00fcgelchen). Es ist eine sanfte Alternative, um die Schmerzen der ganz Kleinen bei Bl\u00e4hungen zu lindern und dabei ihre Selbstheilungskr\u00e4fte zu aktivieren und zu st\u00e4rken..<\/p>\n","protected":false},"featured_media":37420,"template":"","meta":{"_acf_changed":false},"product_brand":[],"product_cat":[819],"product_tag":[],"class_list":{"0":"post-37418","1":"product","2":"type-product","3":"status-publish","4":"has-post-thumbnail","6":"product_cat-o","7":"pa_packungsgroesse-7g","9":"first","10":"instock","11":"shipping-taxable","12":"purchasable","13":"product-type-simple"},"acf":[],"_links":{"self":[{"href":"https:\/\/www.ernstbrunn-apotheke.at\/katalog\/wp-json\/wp\/v2\/product\/37418","targetHints":{"allow":["GET"]}}],"collection":[{"href":"https:\/\/www.ernstbrunn-apotheke.at\/katalog\/wp-json\/wp\/v2\/product"}],"about":[{"href":"https:\/\/www.ernstbrunn-apotheke.at\/katalog\/wp-json\/wp\/v2\/types\/product"}],"wp:featuredmedia":[{"embeddable":true,"href":"https:\/\/www.ernstbrunn-apotheke.at\/katalog\/wp-json\/wp\/v2\/media\/37420"}],"wp:attachment":[{"href":"https:\/\/www.ernstbrunn-apotheke.at\/katalog\/wp-json\/wp\/v2\/media?parent=37418"}],"wp:term":[{"taxonomy":"product_brand","embeddable":true,"href":"https:\/\/www.ernstbrunn-apotheke.at\/katalog\/wp-json\/wp\/v2\/product_brand?post=37418"},{"taxonomy":"product_cat","embeddable":true,"href":"https:\/\/www.ernstbrunn-apotheke.at\/katalog\/wp-json\/wp\/v2\/product_cat?post=37418"},{"taxonomy":"product_tag","embeddable":true,"href":"https:\/\/www.ernstbrunn-apotheke.at\/katalog\/wp-json\/wp\/v2\/product_tag?post=37418"}],"curies":[{"name":"wp","href":"https:\/\/api.w.org\/{rel}","templated":true}]}}