{"id":37408,"date":"2025-11-10T13:14:19","date_gmt":"2025-11-10T12:14:19","guid":{"rendered":"https:\/\/www.ernstbrunn-apotheke.at\/katalog\/produkt\/similasan-globuli-gegen-stockenden-schnupfen-15-g\/"},"modified":"2025-12-08T15:45:37","modified_gmt":"2025-12-08T14:45:37","slug":"similasan-globuli-gegen-stockenden-schnupfen-15-g","status":"publish","type":"product","link":"https:\/\/www.ernstbrunn-apotheke.at\/katalog\/produkt\/similasan-globuli-gegen-stockenden-schnupfen-15-g\/","title":{"rendered":"Similasan Globuli gegen stockenden Schnupfen 15 g"},"content":{"rendered":"<p>Similasan\u00ae Schnupfen Nr. 3 Globuli unterst\u00fctzen den K\u00f6rper dabei, Schleimhautst\u00f6rungen wie Entz\u00fcndungen, Verschleimungen, Verkrustungen und Schwellungen besser selbst zu \u00fcberwinden..<\/p>\n","protected":false},"excerpt":{"rendered":"<p>Similasan\u00ae Schnupfen Nr. 3 Globuli unterst\u00fctzen den K\u00f6rper dabei, Schleimhautst\u00f6rungen wie Entz\u00fcndungen, Verschleimungen, Verkrustungen und Schwellungen besser selbst zu \u00fcberwinden..<\/p>\n","protected":false},"featured_media":37410,"template":"","meta":{"_acf_changed":false},"product_brand":[932],"product_cat":[791],"product_tag":[],"class_list":{"0":"post-37408","1":"product","2":"type-product","3":"status-publish","4":"has-post-thumbnail","6":"product_brand-similasan","7":"product_cat-s","8":"pa_packungsgroesse-15g","10":"first","11":"instock","12":"shipping-taxable","13":"purchasable","14":"product-type-simple"},"acf":[],"_links":{"self":[{"href":"https:\/\/www.ernstbrunn-apotheke.at\/katalog\/wp-json\/wp\/v2\/product\/37408","targetHints":{"allow":["GET"]}}],"collection":[{"href":"https:\/\/www.ernstbrunn-apotheke.at\/katalog\/wp-json\/wp\/v2\/product"}],"about":[{"href":"https:\/\/www.ernstbrunn-apotheke.at\/katalog\/wp-json\/wp\/v2\/types\/product"}],"wp:featuredmedia":[{"embeddable":true,"href":"https:\/\/www.ernstbrunn-apotheke.at\/katalog\/wp-json\/wp\/v2\/media\/37410"}],"wp:attachment":[{"href":"https:\/\/www.ernstbrunn-apotheke.at\/katalog\/wp-json\/wp\/v2\/media?parent=37408"}],"wp:term":[{"taxonomy":"product_brand","embeddable":true,"href":"https:\/\/www.ernstbrunn-apotheke.at\/katalog\/wp-json\/wp\/v2\/product_brand?post=37408"},{"taxonomy":"product_cat","embeddable":true,"href":"https:\/\/www.ernstbrunn-apotheke.at\/katalog\/wp-json\/wp\/v2\/product_cat?post=37408"},{"taxonomy":"product_tag","embeddable":true,"href":"https:\/\/www.ernstbrunn-apotheke.at\/katalog\/wp-json\/wp\/v2\/product_tag?post=37408"}],"curies":[{"name":"wp","href":"https:\/\/api.w.org\/{rel}","templated":true}]}}