{"id":37335,"date":"2025-11-10T13:13:21","date_gmt":"2025-11-10T12:13:21","guid":{"rendered":"https:\/\/www.ernstbrunn-apotheke.at\/katalog\/produkt\/zeel-salbe\/"},"modified":"2025-12-08T15:45:26","modified_gmt":"2025-12-08T14:45:26","slug":"zeel-salbe","status":"publish","type":"product","link":"https:\/\/www.ernstbrunn-apotheke.at\/katalog\/produkt\/zeel-salbe\/","title":{"rendered":"Zeel Salbe"},"content":{"rendered":"<p>Zeel Salbe wirkt auf hom\u00f6opathischer Ebene und lindert Schmerzen, die durch rheumatische Beschwerden entstehen. Sie kann unter anderem f\u00fcr R\u00fccken, Gelenke und Muskeln angewendet werden.Zeel Salbe mindert Alltagsbeschwerden, die aufgrund von rheumatischen Erkrankungen bestehen. Sie lindert unter anderem Schmerzen im R\u00fccken, in Muskeln und der Gelenke und wirkt bei degenerativen und rheumatischen Gelenkerkrankungen. Zeel Salbe 100G ist eine hom\u00f6opathische Salbe, die auf der Wirkung von hochverd\u00fcnnten Wirkstoffen basiert. Dadurch soll eine Selbstheilung des K\u00f6rpers angeregt werden. Wie bei allen hom\u00f6opathischen Mitteln kann auch hier in den ersten Tagen eine Verschlimmerung der Symptome auftreten (Erstreaktion). Diese Reaktionen sind meist harmlos. Sollte dennoch keine Besserung eintreten, ist die Anwendung abzubrechen. Bei schweren Formen der Gelenkerkrankung sollte jedoch auf eine klinisch belegte Therapie gewechselt werden..<\/p>\n","protected":false},"excerpt":{"rendered":"<p>Zeel Salbe wirkt auf hom\u00f6opathischer Ebene und lindert Schmerzen, die durch rheumatische Beschwerden entstehen. Sie kann unter anderem f\u00fcr R\u00fccken, Gelenke und Muskeln angewendet werden.Zeel Salbe mindert Alltagsbeschwerden, die aufgrund von rheumatischen Erkrankungen bestehen. Sie lindert unter anderem Schmerzen im R\u00fccken, in Muskeln und der Gelenke und wirkt bei degenerativen und rheumatischen Gelenkerkrankungen. Zeel Salbe [&hellip;]<\/p>\n","protected":false},"featured_media":37337,"template":"","meta":{"_acf_changed":false},"product_brand":[315],"product_cat":[803],"product_tag":[],"class_list":{"0":"post-37335","1":"product","2":"type-product","3":"status-publish","4":"has-post-thumbnail","6":"product_brand-heel","7":"product_cat-z","8":"pa_packungsgroesse-100g","9":"pa_packungsgroesse-50g","11":"first","12":"instock","13":"shipping-taxable","14":"purchasable","15":"product-type-simple"},"acf":[],"_links":{"self":[{"href":"https:\/\/www.ernstbrunn-apotheke.at\/katalog\/wp-json\/wp\/v2\/product\/37335","targetHints":{"allow":["GET"]}}],"collection":[{"href":"https:\/\/www.ernstbrunn-apotheke.at\/katalog\/wp-json\/wp\/v2\/product"}],"about":[{"href":"https:\/\/www.ernstbrunn-apotheke.at\/katalog\/wp-json\/wp\/v2\/types\/product"}],"wp:featuredmedia":[{"embeddable":true,"href":"https:\/\/www.ernstbrunn-apotheke.at\/katalog\/wp-json\/wp\/v2\/media\/37337"}],"wp:attachment":[{"href":"https:\/\/www.ernstbrunn-apotheke.at\/katalog\/wp-json\/wp\/v2\/media?parent=37335"}],"wp:term":[{"taxonomy":"product_brand","embeddable":true,"href":"https:\/\/www.ernstbrunn-apotheke.at\/katalog\/wp-json\/wp\/v2\/product_brand?post=37335"},{"taxonomy":"product_cat","embeddable":true,"href":"https:\/\/www.ernstbrunn-apotheke.at\/katalog\/wp-json\/wp\/v2\/product_cat?post=37335"},{"taxonomy":"product_tag","embeddable":true,"href":"https:\/\/www.ernstbrunn-apotheke.at\/katalog\/wp-json\/wp\/v2\/product_tag?post=37335"}],"curies":[{"name":"wp","href":"https:\/\/api.w.org\/{rel}","templated":true}]}}