{"id":37325,"date":"2025-11-10T13:13:21","date_gmt":"2025-11-10T12:13:21","guid":{"rendered":"https:\/\/www.ernstbrunn-apotheke.at\/katalog\/produkt\/similasan-antiallergische-augentropfen-monodosen-10-stk\/"},"modified":"2025-12-08T15:45:25","modified_gmt":"2025-12-08T14:45:25","slug":"similasan-antiallergische-augentropfen-monodosen-10-stk","status":"publish","type":"product","link":"https:\/\/www.ernstbrunn-apotheke.at\/katalog\/produkt\/similasan-antiallergische-augentropfen-monodosen-10-stk\/","title":{"rendered":"Similasan Antiallergische Augentropfen Monodosen 10 Stk."},"content":{"rendered":"<p>Die Anwendungsgebiete leiten sich von den hom\u00f6opathischen Arzneimittelbildern ab. F\u00fcr dieses Arzneimittel sind folgende Anwendungsgebiete zugelassen: allergischen Reaktionen der Augenschleimh\u00e4ute und Augenlider wie: Juckreiz, Schwellungen, R\u00f6tungen und Augenbrennen.<\/p>\n","protected":false},"excerpt":{"rendered":"<p>Die Anwendungsgebiete leiten sich von den hom\u00f6opathischen Arzneimittelbildern ab. F\u00fcr dieses Arzneimittel sind folgende Anwendungsgebiete zugelassen: allergischen Reaktionen der Augenschleimh\u00e4ute und Augenlider wie: Juckreiz, Schwellungen, R\u00f6tungen und Augenbrennen.<\/p>\n","protected":false},"featured_media":37327,"template":"","meta":{"_acf_changed":false},"product_brand":[932],"product_cat":[791],"product_tag":[],"class_list":{"0":"post-37325","1":"product","2":"type-product","3":"status-publish","4":"has-post-thumbnail","6":"product_brand-similasan","7":"product_cat-s","8":"pa_packungsgroesse-10-stueck","10":"first","11":"instock","12":"shipping-taxable","13":"purchasable","14":"product-type-simple"},"acf":[],"_links":{"self":[{"href":"https:\/\/www.ernstbrunn-apotheke.at\/katalog\/wp-json\/wp\/v2\/product\/37325","targetHints":{"allow":["GET"]}}],"collection":[{"href":"https:\/\/www.ernstbrunn-apotheke.at\/katalog\/wp-json\/wp\/v2\/product"}],"about":[{"href":"https:\/\/www.ernstbrunn-apotheke.at\/katalog\/wp-json\/wp\/v2\/types\/product"}],"wp:featuredmedia":[{"embeddable":true,"href":"https:\/\/www.ernstbrunn-apotheke.at\/katalog\/wp-json\/wp\/v2\/media\/37327"}],"wp:attachment":[{"href":"https:\/\/www.ernstbrunn-apotheke.at\/katalog\/wp-json\/wp\/v2\/media?parent=37325"}],"wp:term":[{"taxonomy":"product_brand","embeddable":true,"href":"https:\/\/www.ernstbrunn-apotheke.at\/katalog\/wp-json\/wp\/v2\/product_brand?post=37325"},{"taxonomy":"product_cat","embeddable":true,"href":"https:\/\/www.ernstbrunn-apotheke.at\/katalog\/wp-json\/wp\/v2\/product_cat?post=37325"},{"taxonomy":"product_tag","embeddable":true,"href":"https:\/\/www.ernstbrunn-apotheke.at\/katalog\/wp-json\/wp\/v2\/product_tag?post=37325"}],"curies":[{"name":"wp","href":"https:\/\/api.w.org\/{rel}","templated":true}]}}