{"id":37298,"date":"2025-11-10T13:12:24","date_gmt":"2025-11-10T12:12:24","guid":{"rendered":"https:\/\/www.ernstbrunn-apotheke.at\/katalog\/produkt\/similasan-globuli-gegen-fliessschnupfen-15-g\/"},"modified":"2025-12-08T15:45:21","modified_gmt":"2025-12-08T14:45:21","slug":"similasan-globuli-gegen-fliessschnupfen-15-g","status":"publish","type":"product","link":"https:\/\/www.ernstbrunn-apotheke.at\/katalog\/produkt\/similasan-globuli-gegen-fliessschnupfen-15-g\/","title":{"rendered":"Similasan Globuli gegen Fliessschnupfen 15 g"},"content":{"rendered":"<p>Similasan Globuli gegen Schnupfen Nr. 1 ist ein hom\u00f6opathisches Arzneimittel zur Linderung von flie\u00dfendem Schnupfen. Es kann angewendet werden bei Erk\u00e4ltungsschnupfen, allergischem Schnupfen, Heuschnupfen und nerv\u00f6sem Schnupfen mit reichlicher, wundmachender und w\u00e4ssriger Absonderung. .<\/p>\n","protected":false},"excerpt":{"rendered":"<p>Similasan Globuli gegen Schnupfen Nr. 1 ist ein hom\u00f6opathisches Arzneimittel zur Linderung von flie\u00dfendem Schnupfen. Es kann angewendet werden bei Erk\u00e4ltungsschnupfen, allergischem Schnupfen, Heuschnupfen und nerv\u00f6sem Schnupfen mit reichlicher, wundmachender und w\u00e4ssriger Absonderung. .<\/p>\n","protected":false},"featured_media":37300,"template":"","meta":{"_acf_changed":false},"product_brand":[932],"product_cat":[791],"product_tag":[],"class_list":{"0":"post-37298","1":"product","2":"type-product","3":"status-publish","4":"has-post-thumbnail","6":"product_brand-similasan","7":"product_cat-s","8":"pa_packungsgroesse-15g","10":"first","11":"instock","12":"shipping-taxable","13":"purchasable","14":"product-type-simple"},"acf":[],"_links":{"self":[{"href":"https:\/\/www.ernstbrunn-apotheke.at\/katalog\/wp-json\/wp\/v2\/product\/37298","targetHints":{"allow":["GET"]}}],"collection":[{"href":"https:\/\/www.ernstbrunn-apotheke.at\/katalog\/wp-json\/wp\/v2\/product"}],"about":[{"href":"https:\/\/www.ernstbrunn-apotheke.at\/katalog\/wp-json\/wp\/v2\/types\/product"}],"wp:featuredmedia":[{"embeddable":true,"href":"https:\/\/www.ernstbrunn-apotheke.at\/katalog\/wp-json\/wp\/v2\/media\/37300"}],"wp:attachment":[{"href":"https:\/\/www.ernstbrunn-apotheke.at\/katalog\/wp-json\/wp\/v2\/media?parent=37298"}],"wp:term":[{"taxonomy":"product_brand","embeddable":true,"href":"https:\/\/www.ernstbrunn-apotheke.at\/katalog\/wp-json\/wp\/v2\/product_brand?post=37298"},{"taxonomy":"product_cat","embeddable":true,"href":"https:\/\/www.ernstbrunn-apotheke.at\/katalog\/wp-json\/wp\/v2\/product_cat?post=37298"},{"taxonomy":"product_tag","embeddable":true,"href":"https:\/\/www.ernstbrunn-apotheke.at\/katalog\/wp-json\/wp\/v2\/product_tag?post=37298"}],"curies":[{"name":"wp","href":"https:\/\/api.w.org\/{rel}","templated":true}]}}