{"id":37288,"date":"2025-11-10T13:12:24","date_gmt":"2025-11-10T12:12:24","guid":{"rendered":"https:\/\/www.ernstbrunn-apotheke.at\/katalog\/produkt\/similasan-ueberanstrengte-augen-augentropfen-10-ml\/"},"modified":"2025-12-08T15:45:19","modified_gmt":"2025-12-08T14:45:19","slug":"similasan-ueberanstrengte-augen-augentropfen-10-ml","status":"publish","type":"product","link":"https:\/\/www.ernstbrunn-apotheke.at\/katalog\/produkt\/similasan-ueberanstrengte-augen-augentropfen-10-ml\/","title":{"rendered":"Similasan \u00dcberanstrengte Augen Augentropfen 10 ml"},"content":{"rendered":"<p>Similasan \u00dcberarbeitete Augen Augentropfen zur Milderung von Beschwerden, die durch Augentrockenheit hervorgerufen werden, wie ger\u00f6tete Augenlider, Jucken, Brennen aufgrund von Bildschirmarbeit, l\u00e4ngerem Lesen oder langen Autofahrten..<\/p>\n","protected":false},"excerpt":{"rendered":"<p>Similasan \u00dcberarbeitete Augen Augentropfen zur Milderung von Beschwerden, die durch Augentrockenheit hervorgerufen werden, wie ger\u00f6tete Augenlider, Jucken, Brennen aufgrund von Bildschirmarbeit, l\u00e4ngerem Lesen oder langen Autofahrten..<\/p>\n","protected":false},"featured_media":37290,"template":"","meta":{"_acf_changed":false},"product_brand":[932],"product_cat":[791],"product_tag":[],"class_list":{"0":"post-37288","1":"product","2":"type-product","3":"status-publish","4":"has-post-thumbnail","6":"product_brand-similasan","7":"product_cat-s","8":"pa_packungsgroesse-10ml","10":"first","11":"instock","12":"shipping-taxable","13":"purchasable","14":"product-type-simple"},"acf":[],"_links":{"self":[{"href":"https:\/\/www.ernstbrunn-apotheke.at\/katalog\/wp-json\/wp\/v2\/product\/37288","targetHints":{"allow":["GET"]}}],"collection":[{"href":"https:\/\/www.ernstbrunn-apotheke.at\/katalog\/wp-json\/wp\/v2\/product"}],"about":[{"href":"https:\/\/www.ernstbrunn-apotheke.at\/katalog\/wp-json\/wp\/v2\/types\/product"}],"wp:featuredmedia":[{"embeddable":true,"href":"https:\/\/www.ernstbrunn-apotheke.at\/katalog\/wp-json\/wp\/v2\/media\/37290"}],"wp:attachment":[{"href":"https:\/\/www.ernstbrunn-apotheke.at\/katalog\/wp-json\/wp\/v2\/media?parent=37288"}],"wp:term":[{"taxonomy":"product_brand","embeddable":true,"href":"https:\/\/www.ernstbrunn-apotheke.at\/katalog\/wp-json\/wp\/v2\/product_brand?post=37288"},{"taxonomy":"product_cat","embeddable":true,"href":"https:\/\/www.ernstbrunn-apotheke.at\/katalog\/wp-json\/wp\/v2\/product_cat?post=37288"},{"taxonomy":"product_tag","embeddable":true,"href":"https:\/\/www.ernstbrunn-apotheke.at\/katalog\/wp-json\/wp\/v2\/product_tag?post=37288"}],"curies":[{"name":"wp","href":"https:\/\/api.w.org\/{rel}","templated":true}]}}