{"id":37278,"date":"2025-11-10T13:12:24","date_gmt":"2025-11-10T12:12:24","guid":{"rendered":"https:\/\/www.ernstbrunn-apotheke.at\/katalog\/produkt\/neurodoron-tabletten-80-stk\/"},"modified":"2025-12-08T15:45:18","modified_gmt":"2025-12-08T14:45:18","slug":"neurodoron-tabletten-80-stk","status":"publish","type":"product","link":"https:\/\/www.ernstbrunn-apotheke.at\/katalog\/produkt\/neurodoron-tabletten-80-stk\/","title":{"rendered":"Neurodoron Tabletten 80 Stk."},"content":{"rendered":"<p>Neurodoron Tabletten helfen bei Ersch\u00f6pfungs- und Schw\u00e4chezust\u00e4nden, die durch Stress und nerv\u00f6se \u00dcberreizung verursacht wurden. Die nat\u00fcrlichen Inhaltsstoffe in den Neurodoron Tabletten wirken k\u00f6rperlich und seelisch stabilisierend. Die einzigartige Arzneimittelkomposition aus hom\u00f6opathisch potenziertem Gold und Mineralien st\u00e4rkt die Nerven und verbessert die rasche Erm\u00fcdbarkeit und Konzentrationsst\u00f6rungen. Neurodoron Tabletten helfen, sich den Anforderungen des Alltags wieder besser gewachsen zu f\u00fchlen, geben die oft so n\u00f6tige innere Ruhe zur\u00fcck und f\u00f6rdern auf nat\u00fcrliche Weise die Selbstheilungskr\u00e4fte. .<\/p>\n","protected":false},"excerpt":{"rendered":"<p>Neurodoron Tabletten helfen bei Ersch\u00f6pfungs- und Schw\u00e4chezust\u00e4nden, die durch Stress und nerv\u00f6se \u00dcberreizung verursacht wurden. Die nat\u00fcrlichen Inhaltsstoffe in den Neurodoron Tabletten wirken k\u00f6rperlich und seelisch stabilisierend. Die einzigartige Arzneimittelkomposition aus hom\u00f6opathisch potenziertem Gold und Mineralien st\u00e4rkt die Nerven und verbessert die rasche Erm\u00fcdbarkeit und Konzentrationsst\u00f6rungen. Neurodoron Tabletten helfen, sich den Anforderungen des Alltags wieder [&hellip;]<\/p>\n","protected":false},"featured_media":37280,"template":"","meta":{"_acf_changed":false},"product_brand":[],"product_cat":[797],"product_tag":[],"class_list":{"0":"post-37278","1":"product","2":"type-product","3":"status-publish","4":"has-post-thumbnail","6":"product_cat-n","7":"pa_packungsgroesse-80-stueck","9":"first","10":"instock","11":"shipping-taxable","12":"purchasable","13":"product-type-simple"},"acf":[],"_links":{"self":[{"href":"https:\/\/www.ernstbrunn-apotheke.at\/katalog\/wp-json\/wp\/v2\/product\/37278","targetHints":{"allow":["GET"]}}],"collection":[{"href":"https:\/\/www.ernstbrunn-apotheke.at\/katalog\/wp-json\/wp\/v2\/product"}],"about":[{"href":"https:\/\/www.ernstbrunn-apotheke.at\/katalog\/wp-json\/wp\/v2\/types\/product"}],"wp:featuredmedia":[{"embeddable":true,"href":"https:\/\/www.ernstbrunn-apotheke.at\/katalog\/wp-json\/wp\/v2\/media\/37280"}],"wp:attachment":[{"href":"https:\/\/www.ernstbrunn-apotheke.at\/katalog\/wp-json\/wp\/v2\/media?parent=37278"}],"wp:term":[{"taxonomy":"product_brand","embeddable":true,"href":"https:\/\/www.ernstbrunn-apotheke.at\/katalog\/wp-json\/wp\/v2\/product_brand?post=37278"},{"taxonomy":"product_cat","embeddable":true,"href":"https:\/\/www.ernstbrunn-apotheke.at\/katalog\/wp-json\/wp\/v2\/product_cat?post=37278"},{"taxonomy":"product_tag","embeddable":true,"href":"https:\/\/www.ernstbrunn-apotheke.at\/katalog\/wp-json\/wp\/v2\/product_tag?post=37278"}],"curies":[{"name":"wp","href":"https:\/\/api.w.org\/{rel}","templated":true}]}}