{"id":37275,"date":"2025-11-10T13:11:40","date_gmt":"2025-11-10T12:11:40","guid":{"rendered":"https:\/\/www.ernstbrunn-apotheke.at\/katalog\/produkt\/weleda-arnica-salbe-25-g\/"},"modified":"2025-12-08T15:45:16","modified_gmt":"2025-12-08T14:45:16","slug":"weleda-arnica-salbe-25-g","status":"publish","type":"product","link":"https:\/\/www.ernstbrunn-apotheke.at\/katalog\/produkt\/weleda-arnica-salbe-25-g\/","title":{"rendered":"Weleda Arnica Salbe 25 g"},"content":{"rendered":"<p>Weleda Arnica Salbe eignet sich zur Nachbehandlung aller stumpfen Verletzungen wie Verstauchungen, Prellungen, Zerrungen oder Quetschungen. Vor allem bei einem verbleibenden Bluterguss hilft Arnica-Salbe die nat\u00fcrliche Zirkulation des Blutes und der Gewebsfl\u00fcssigkeit wiederherzustellen und unterst\u00fctzt so die Regeneration des Gewebes.<\/p>\n","protected":false},"excerpt":{"rendered":"<p>Weleda Arnica Salbe eignet sich zur Nachbehandlung aller stumpfen Verletzungen wie Verstauchungen, Prellungen, Zerrungen oder Quetschungen. Vor allem bei einem verbleibenden Bluterguss hilft Arnica-Salbe die nat\u00fcrliche Zirkulation des Blutes und der Gewebsfl\u00fcssigkeit wiederherzustellen und unterst\u00fctzt so die Regeneration des Gewebes.<\/p>\n","protected":false},"featured_media":37277,"template":"","meta":{"_acf_changed":false},"product_brand":[567],"product_cat":[796],"product_tag":[],"class_list":{"0":"post-37275","1":"product","2":"type-product","3":"status-publish","4":"has-post-thumbnail","6":"product_brand-weleda","7":"product_cat-w","8":"pa_packungsgroesse-25g","10":"first","11":"instock","12":"shipping-taxable","13":"purchasable","14":"product-type-simple"},"acf":[],"_links":{"self":[{"href":"https:\/\/www.ernstbrunn-apotheke.at\/katalog\/wp-json\/wp\/v2\/product\/37275","targetHints":{"allow":["GET"]}}],"collection":[{"href":"https:\/\/www.ernstbrunn-apotheke.at\/katalog\/wp-json\/wp\/v2\/product"}],"about":[{"href":"https:\/\/www.ernstbrunn-apotheke.at\/katalog\/wp-json\/wp\/v2\/types\/product"}],"wp:featuredmedia":[{"embeddable":true,"href":"https:\/\/www.ernstbrunn-apotheke.at\/katalog\/wp-json\/wp\/v2\/media\/37277"}],"wp:attachment":[{"href":"https:\/\/www.ernstbrunn-apotheke.at\/katalog\/wp-json\/wp\/v2\/media?parent=37275"}],"wp:term":[{"taxonomy":"product_brand","embeddable":true,"href":"https:\/\/www.ernstbrunn-apotheke.at\/katalog\/wp-json\/wp\/v2\/product_brand?post=37275"},{"taxonomy":"product_cat","embeddable":true,"href":"https:\/\/www.ernstbrunn-apotheke.at\/katalog\/wp-json\/wp\/v2\/product_cat?post=37275"},{"taxonomy":"product_tag","embeddable":true,"href":"https:\/\/www.ernstbrunn-apotheke.at\/katalog\/wp-json\/wp\/v2\/product_tag?post=37275"}],"curies":[{"name":"wp","href":"https:\/\/api.w.org\/{rel}","templated":true}]}}