{"id":37265,"date":"2025-11-10T13:11:40","date_gmt":"2025-11-10T12:11:40","guid":{"rendered":"https:\/\/www.ernstbrunn-apotheke.at\/katalog\/produkt\/similasan-ohrentropfen-10-ml\/"},"modified":"2025-12-08T15:45:15","modified_gmt":"2025-12-08T14:45:15","slug":"similasan-ohrentropfen-10-ml","status":"publish","type":"product","link":"https:\/\/www.ernstbrunn-apotheke.at\/katalog\/produkt\/similasan-ohrentropfen-10-ml\/","title":{"rendered":"Similasan Ohrentropfen 10 ml"},"content":{"rendered":"<p>Ohrentropfen \u201eSimilasan\u201c sind eine hom\u00f6opathische Arzneispezialit\u00e4t. Die Hom\u00f6opathie versteht sich als Regulationstherapie bei akuten und chronischen Krankheiten. Die Anwendungsgebiete leiten sich von den hom\u00f6opathischen Arzneimittelbildern ab. F\u00fcr dieses Arzneimittel sind folgende Anwendungsgebiete zugelassen: Ohrenschmerzen w\u00e4hrend eines grippalen Infektes bzw. einer Erk\u00e4ltung und Schmerzen im \u00e4u\u00dferen Geh\u00f6rgang.<\/p>\n","protected":false},"excerpt":{"rendered":"<p>Ohrentropfen \u201eSimilasan\u201c sind eine hom\u00f6opathische Arzneispezialit\u00e4t. Die Hom\u00f6opathie versteht sich als Regulationstherapie bei akuten und chronischen Krankheiten. Die Anwendungsgebiete leiten sich von den hom\u00f6opathischen Arzneimittelbildern ab. F\u00fcr dieses Arzneimittel sind folgende Anwendungsgebiete zugelassen: Ohrenschmerzen w\u00e4hrend eines grippalen Infektes bzw. einer Erk\u00e4ltung und Schmerzen im \u00e4u\u00dferen Geh\u00f6rgang.<\/p>\n","protected":false},"featured_media":37267,"template":"","meta":{"_acf_changed":false},"product_brand":[932],"product_cat":[791],"product_tag":[],"class_list":{"0":"post-37265","1":"product","2":"type-product","3":"status-publish","4":"has-post-thumbnail","6":"product_brand-similasan","7":"product_cat-s","8":"pa_packungsgroesse-10ml","10":"first","11":"instock","12":"shipping-taxable","13":"purchasable","14":"product-type-simple"},"acf":[],"_links":{"self":[{"href":"https:\/\/www.ernstbrunn-apotheke.at\/katalog\/wp-json\/wp\/v2\/product\/37265","targetHints":{"allow":["GET"]}}],"collection":[{"href":"https:\/\/www.ernstbrunn-apotheke.at\/katalog\/wp-json\/wp\/v2\/product"}],"about":[{"href":"https:\/\/www.ernstbrunn-apotheke.at\/katalog\/wp-json\/wp\/v2\/types\/product"}],"wp:featuredmedia":[{"embeddable":true,"href":"https:\/\/www.ernstbrunn-apotheke.at\/katalog\/wp-json\/wp\/v2\/media\/37267"}],"wp:attachment":[{"href":"https:\/\/www.ernstbrunn-apotheke.at\/katalog\/wp-json\/wp\/v2\/media?parent=37265"}],"wp:term":[{"taxonomy":"product_brand","embeddable":true,"href":"https:\/\/www.ernstbrunn-apotheke.at\/katalog\/wp-json\/wp\/v2\/product_brand?post=37265"},{"taxonomy":"product_cat","embeddable":true,"href":"https:\/\/www.ernstbrunn-apotheke.at\/katalog\/wp-json\/wp\/v2\/product_cat?post=37265"},{"taxonomy":"product_tag","embeddable":true,"href":"https:\/\/www.ernstbrunn-apotheke.at\/katalog\/wp-json\/wp\/v2\/product_tag?post=37265"}],"curies":[{"name":"wp","href":"https:\/\/api.w.org\/{rel}","templated":true}]}}