{"id":37255,"date":"2025-11-10T13:11:40","date_gmt":"2025-11-10T12:11:40","guid":{"rendered":"https:\/\/www.ernstbrunn-apotheke.at\/katalog\/produkt\/similasan-lampenfieber-tabletten-60-stk\/"},"modified":"2025-12-08T15:45:13","modified_gmt":"2025-12-08T14:45:13","slug":"similasan-lampenfieber-tabletten-60-stk","status":"publish","type":"product","link":"https:\/\/www.ernstbrunn-apotheke.at\/katalog\/produkt\/similasan-lampenfieber-tabletten-60-stk\/","title":{"rendered":"Similasan Lampenfieber Tabletten 60 Stk."},"content":{"rendered":"<p>Similasan Lampenfieber Tabletten sind ein hom\u00f6opathisches Arzneimittel zur Behandlung von nerv\u00f6ser Unruhe unterschiedlicher Arten. So k\u00f6nnen die Similasan Lampenfieber Tabletten unter anderem bei auf Nervosit\u00e4t beruhender Unf\u00e4higkeit, sich zu konzentrieren, Lampenfieber, diversen Angstzust\u00e4nden und nerv\u00f6sen Darmproblemen, helfen. Auch in Pr\u00fcfungs- und Stresssituationen stellt das nat\u00fcrliche Arzneimittel eine solide und gut vertr\u00e4gliche M\u00f6glichkeit dar, Geist und Psyche zu st\u00e4rken. Wie andere hom\u00f6opathische Mittel weist auch Similasan Lampenfieber Tabletten keine direkten Nebenwirkungen auf, und kann daher sowohl von Erwachsenen, als auch von Kindern ab 6 Jahren, \u00fcber einen l\u00e4ngeren Zeitraum hinweg eingenommen werden. Die Tabletten eignen sich sowohl zur Therapie von chronischen, als auch akuten Beschwerden..<\/p>\n","protected":false},"excerpt":{"rendered":"<p>Similasan Lampenfieber Tabletten sind ein hom\u00f6opathisches Arzneimittel zur Behandlung von nerv\u00f6ser Unruhe unterschiedlicher Arten. So k\u00f6nnen die Similasan Lampenfieber Tabletten unter anderem bei auf Nervosit\u00e4t beruhender Unf\u00e4higkeit, sich zu konzentrieren, Lampenfieber, diversen Angstzust\u00e4nden und nerv\u00f6sen Darmproblemen, helfen. Auch in Pr\u00fcfungs- und Stresssituationen stellt das nat\u00fcrliche Arzneimittel eine solide und gut vertr\u00e4gliche M\u00f6glichkeit dar, Geist und [&hellip;]<\/p>\n","protected":false},"featured_media":37257,"template":"","meta":{"_acf_changed":false},"product_brand":[932],"product_cat":[791],"product_tag":[],"class_list":{"0":"post-37255","1":"product","2":"type-product","3":"status-publish","4":"has-post-thumbnail","6":"product_brand-similasan","7":"product_cat-s","8":"pa_packungsgroesse-60-stueck","10":"first","11":"instock","12":"shipping-taxable","13":"purchasable","14":"product-type-simple"},"acf":[],"_links":{"self":[{"href":"https:\/\/www.ernstbrunn-apotheke.at\/katalog\/wp-json\/wp\/v2\/product\/37255","targetHints":{"allow":["GET"]}}],"collection":[{"href":"https:\/\/www.ernstbrunn-apotheke.at\/katalog\/wp-json\/wp\/v2\/product"}],"about":[{"href":"https:\/\/www.ernstbrunn-apotheke.at\/katalog\/wp-json\/wp\/v2\/types\/product"}],"wp:featuredmedia":[{"embeddable":true,"href":"https:\/\/www.ernstbrunn-apotheke.at\/katalog\/wp-json\/wp\/v2\/media\/37257"}],"wp:attachment":[{"href":"https:\/\/www.ernstbrunn-apotheke.at\/katalog\/wp-json\/wp\/v2\/media?parent=37255"}],"wp:term":[{"taxonomy":"product_brand","embeddable":true,"href":"https:\/\/www.ernstbrunn-apotheke.at\/katalog\/wp-json\/wp\/v2\/product_brand?post=37255"},{"taxonomy":"product_cat","embeddable":true,"href":"https:\/\/www.ernstbrunn-apotheke.at\/katalog\/wp-json\/wp\/v2\/product_cat?post=37255"},{"taxonomy":"product_tag","embeddable":true,"href":"https:\/\/www.ernstbrunn-apotheke.at\/katalog\/wp-json\/wp\/v2\/product_tag?post=37255"}],"curies":[{"name":"wp","href":"https:\/\/api.w.org\/{rel}","templated":true}]}}