{"id":37241,"date":"2025-11-10T13:11:40","date_gmt":"2025-11-10T12:11:40","guid":{"rendered":"https:\/\/www.ernstbrunn-apotheke.at\/katalog\/produkt\/weleda-cardiodoron-tropfen-zum-einnehmen-50-ml\/"},"modified":"2025-12-08T15:45:11","modified_gmt":"2025-12-08T14:45:11","slug":"weleda-cardiodoron-tropfen-zum-einnehmen-50-ml","status":"publish","type":"product","link":"https:\/\/www.ernstbrunn-apotheke.at\/katalog\/produkt\/weleda-cardiodoron-tropfen-zum-einnehmen-50-ml\/","title":{"rendered":"Weleda Cardiodoron Tropfen zum Einnehmen 50 ml"},"content":{"rendered":"<p>Weleda Cardiodoron Tropfen sind ein pflanzliches Arzneimittel aus Bilsenkraut, Eselsdistel und Schl\u00fcsselblume, die darauf hinzielen, Polarit\u00e4ten im K\u00f6rper ins Gleichgewicht zu bringen. Cardiodoron Tropfen werden zur Kreislaufunterst\u00fctzung w\u00e4hrend und nach fiebrigen Erkrankungen sowie bei niedrigem Blutdruck und Neigung zu Pulsunregelm\u00e4ssigkeiten angewendet.<\/p>\n","protected":false},"excerpt":{"rendered":"<p>Weleda Cardiodoron Tropfen sind ein pflanzliches Arzneimittel aus Bilsenkraut, Eselsdistel und Schl\u00fcsselblume, die darauf hinzielen, Polarit\u00e4ten im K\u00f6rper ins Gleichgewicht zu bringen. Cardiodoron Tropfen werden zur Kreislaufunterst\u00fctzung w\u00e4hrend und nach fiebrigen Erkrankungen sowie bei niedrigem Blutdruck und Neigung zu Pulsunregelm\u00e4ssigkeiten angewendet.<\/p>\n","protected":false},"featured_media":37243,"template":"","meta":{"_acf_changed":false},"product_brand":[567],"product_cat":[796],"product_tag":[],"class_list":{"0":"post-37241","1":"product","2":"type-product","3":"status-publish","4":"has-post-thumbnail","6":"product_brand-weleda","7":"product_cat-w","8":"pa_packungsgroesse-50ml","10":"first","11":"instock","12":"shipping-taxable","13":"purchasable","14":"product-type-simple"},"acf":[],"_links":{"self":[{"href":"https:\/\/www.ernstbrunn-apotheke.at\/katalog\/wp-json\/wp\/v2\/product\/37241","targetHints":{"allow":["GET"]}}],"collection":[{"href":"https:\/\/www.ernstbrunn-apotheke.at\/katalog\/wp-json\/wp\/v2\/product"}],"about":[{"href":"https:\/\/www.ernstbrunn-apotheke.at\/katalog\/wp-json\/wp\/v2\/types\/product"}],"wp:featuredmedia":[{"embeddable":true,"href":"https:\/\/www.ernstbrunn-apotheke.at\/katalog\/wp-json\/wp\/v2\/media\/37243"}],"wp:attachment":[{"href":"https:\/\/www.ernstbrunn-apotheke.at\/katalog\/wp-json\/wp\/v2\/media?parent=37241"}],"wp:term":[{"taxonomy":"product_brand","embeddable":true,"href":"https:\/\/www.ernstbrunn-apotheke.at\/katalog\/wp-json\/wp\/v2\/product_brand?post=37241"},{"taxonomy":"product_cat","embeddable":true,"href":"https:\/\/www.ernstbrunn-apotheke.at\/katalog\/wp-json\/wp\/v2\/product_cat?post=37241"},{"taxonomy":"product_tag","embeddable":true,"href":"https:\/\/www.ernstbrunn-apotheke.at\/katalog\/wp-json\/wp\/v2\/product_tag?post=37241"}],"curies":[{"name":"wp","href":"https:\/\/api.w.org\/{rel}","templated":true}]}}