{"id":37213,"date":"2025-11-10T13:10:49","date_gmt":"2025-11-10T12:10:49","guid":{"rendered":"https:\/\/www.ernstbrunn-apotheke.at\/katalog\/produkt\/halicar-salbe\/"},"modified":"2025-12-08T15:51:03","modified_gmt":"2025-12-08T14:51:03","slug":"halicar-salbe","status":"publish","type":"product","link":"https:\/\/www.ernstbrunn-apotheke.at\/katalog\/produkt\/halicar-salbe\/","title":{"rendered":"Halicar Salbe"},"content":{"rendered":"<p>Halicar Salbe eignet sich zur Behandlung von entz\u00fcndlichen und juckenden Hauterkrankungen, wie z. B. Ekzemen, durch Insektenstiche ausgel\u00f6ste Hautausschl\u00e4ge, Juckreiz oder Nesselausschlag<\/p>\n","protected":false},"excerpt":{"rendered":"<p>Halicar Salbe eignet sich zur Behandlung von entz\u00fcndlichen und juckenden Hauterkrankungen, wie z. B. Ekzemen, durch Insektenstiche ausgel\u00f6ste Hautausschl\u00e4ge, Juckreiz oder Nesselausschlag<\/p>\n","protected":false},"featured_media":37215,"template":"","meta":{"_acf_changed":false},"product_brand":[],"product_cat":[805],"product_tag":[],"class_list":{"0":"post-37213","1":"product","2":"type-product","3":"status-publish","4":"has-post-thumbnail","6":"product_cat-h","7":"pa_packungsgroesse-25g","8":"pa_packungsgroesse-50g","10":"first","11":"instock","12":"shipping-taxable","13":"purchasable","14":"product-type-variable"},"acf":[],"_links":{"self":[{"href":"https:\/\/www.ernstbrunn-apotheke.at\/katalog\/wp-json\/wp\/v2\/product\/37213","targetHints":{"allow":["GET"]}}],"collection":[{"href":"https:\/\/www.ernstbrunn-apotheke.at\/katalog\/wp-json\/wp\/v2\/product"}],"about":[{"href":"https:\/\/www.ernstbrunn-apotheke.at\/katalog\/wp-json\/wp\/v2\/types\/product"}],"wp:featuredmedia":[{"embeddable":true,"href":"https:\/\/www.ernstbrunn-apotheke.at\/katalog\/wp-json\/wp\/v2\/media\/37215"}],"wp:attachment":[{"href":"https:\/\/www.ernstbrunn-apotheke.at\/katalog\/wp-json\/wp\/v2\/media?parent=37213"}],"wp:term":[{"taxonomy":"product_brand","embeddable":true,"href":"https:\/\/www.ernstbrunn-apotheke.at\/katalog\/wp-json\/wp\/v2\/product_brand?post=37213"},{"taxonomy":"product_cat","embeddable":true,"href":"https:\/\/www.ernstbrunn-apotheke.at\/katalog\/wp-json\/wp\/v2\/product_cat?post=37213"},{"taxonomy":"product_tag","embeddable":true,"href":"https:\/\/www.ernstbrunn-apotheke.at\/katalog\/wp-json\/wp\/v2\/product_tag?post=37213"}],"curies":[{"name":"wp","href":"https:\/\/api.w.org\/{rel}","templated":true}]}}