{"id":37173,"date":"2025-11-10T13:09:53","date_gmt":"2025-11-10T12:09:53","guid":{"rendered":"https:\/\/www.ernstbrunn-apotheke.at\/katalog\/produkt\/similasan-globuli-gegen-reizhusten-15-g\/"},"modified":"2025-12-08T15:44:59","modified_gmt":"2025-12-08T14:44:59","slug":"similasan-globuli-gegen-reizhusten-15-g","status":"publish","type":"product","link":"https:\/\/www.ernstbrunn-apotheke.at\/katalog\/produkt\/similasan-globuli-gegen-reizhusten-15-g\/","title":{"rendered":"Similasan Globuli gegen Reizhusten 15 g"},"content":{"rendered":"<p>Similasan\u00ae Globuli gegen Husten Nr. 1 ist ein hom\u00f6opathisches Arzneimittel das bei Reizhusten, Kitzelhusten mit Brechreiz, n\u00e4chtlichen Hustenanf\u00e4llen und trockenem Husten mit Schmerzen eingesetzt wird.<\/p>\n","protected":false},"excerpt":{"rendered":"<p>Similasan\u00ae Globuli gegen Husten Nr. 1 ist ein hom\u00f6opathisches Arzneimittel das bei Reizhusten, Kitzelhusten mit Brechreiz, n\u00e4chtlichen Hustenanf\u00e4llen und trockenem Husten mit Schmerzen eingesetzt wird.<\/p>\n","protected":false},"featured_media":37175,"template":"","meta":{"_acf_changed":false},"product_brand":[932],"product_cat":[791],"product_tag":[],"class_list":{"0":"post-37173","1":"product","2":"type-product","3":"status-publish","4":"has-post-thumbnail","6":"product_brand-similasan","7":"product_cat-s","8":"pa_packungsgroesse-15g","10":"first","11":"instock","12":"shipping-taxable","13":"purchasable","14":"product-type-simple"},"acf":[],"_links":{"self":[{"href":"https:\/\/www.ernstbrunn-apotheke.at\/katalog\/wp-json\/wp\/v2\/product\/37173","targetHints":{"allow":["GET"]}}],"collection":[{"href":"https:\/\/www.ernstbrunn-apotheke.at\/katalog\/wp-json\/wp\/v2\/product"}],"about":[{"href":"https:\/\/www.ernstbrunn-apotheke.at\/katalog\/wp-json\/wp\/v2\/types\/product"}],"wp:featuredmedia":[{"embeddable":true,"href":"https:\/\/www.ernstbrunn-apotheke.at\/katalog\/wp-json\/wp\/v2\/media\/37175"}],"wp:attachment":[{"href":"https:\/\/www.ernstbrunn-apotheke.at\/katalog\/wp-json\/wp\/v2\/media?parent=37173"}],"wp:term":[{"taxonomy":"product_brand","embeddable":true,"href":"https:\/\/www.ernstbrunn-apotheke.at\/katalog\/wp-json\/wp\/v2\/product_brand?post=37173"},{"taxonomy":"product_cat","embeddable":true,"href":"https:\/\/www.ernstbrunn-apotheke.at\/katalog\/wp-json\/wp\/v2\/product_cat?post=37173"},{"taxonomy":"product_tag","embeddable":true,"href":"https:\/\/www.ernstbrunn-apotheke.at\/katalog\/wp-json\/wp\/v2\/product_tag?post=37173"}],"curies":[{"name":"wp","href":"https:\/\/api.w.org\/{rel}","templated":true}]}}