{"id":37115,"date":"2025-11-10T13:09:01","date_gmt":"2025-11-10T12:09:01","guid":{"rendered":"https:\/\/www.ernstbrunn-apotheke.at\/katalog\/produkt\/weleda-combudoron-25-g-gel\/"},"modified":"2025-12-08T15:44:50","modified_gmt":"2025-12-08T14:44:50","slug":"weleda-combudoron-25-g-gel","status":"publish","type":"product","link":"https:\/\/www.ernstbrunn-apotheke.at\/katalog\/produkt\/weleda-combudoron-25-g-gel\/","title":{"rendered":"Weleda Combudoron 25 g Gel"},"content":{"rendered":"<p>Weleda Combudoron Gel wirkt sp\u00fcrbar k\u00fchlend und lindert die Schmerzen bei leichtem Sonnenbrand und Insektenstichen. Ausz\u00fcge aus Arnika und der kleinen Brennnessel helfen, Schwellungen und Entz\u00fcndungen rasch entgegenzuwirken. Die k\u00fchlende Formel lindert Juckreiz, Brennen und R\u00f6tungen und f\u00f6rdert den Aufbau von neuem, gesundem Hautgewebe.<\/p>\n","protected":false},"excerpt":{"rendered":"<p>Weleda Combudoron Gel wirkt sp\u00fcrbar k\u00fchlend und lindert die Schmerzen bei leichtem Sonnenbrand und Insektenstichen. Ausz\u00fcge aus Arnika und der kleinen Brennnessel helfen, Schwellungen und Entz\u00fcndungen rasch entgegenzuwirken. Die k\u00fchlende Formel lindert Juckreiz, Brennen und R\u00f6tungen und f\u00f6rdert den Aufbau von neuem, gesundem Hautgewebe.<\/p>\n","protected":false},"featured_media":37117,"template":"","meta":{"_acf_changed":false},"product_brand":[567],"product_cat":[796],"product_tag":[],"class_list":{"0":"post-37115","1":"product","2":"type-product","3":"status-publish","4":"has-post-thumbnail","6":"product_brand-weleda","7":"product_cat-w","8":"pa_packungsgroesse-25g","10":"first","11":"instock","12":"shipping-taxable","13":"purchasable","14":"product-type-simple"},"acf":[],"_links":{"self":[{"href":"https:\/\/www.ernstbrunn-apotheke.at\/katalog\/wp-json\/wp\/v2\/product\/37115","targetHints":{"allow":["GET"]}}],"collection":[{"href":"https:\/\/www.ernstbrunn-apotheke.at\/katalog\/wp-json\/wp\/v2\/product"}],"about":[{"href":"https:\/\/www.ernstbrunn-apotheke.at\/katalog\/wp-json\/wp\/v2\/types\/product"}],"wp:featuredmedia":[{"embeddable":true,"href":"https:\/\/www.ernstbrunn-apotheke.at\/katalog\/wp-json\/wp\/v2\/media\/37117"}],"wp:attachment":[{"href":"https:\/\/www.ernstbrunn-apotheke.at\/katalog\/wp-json\/wp\/v2\/media?parent=37115"}],"wp:term":[{"taxonomy":"product_brand","embeddable":true,"href":"https:\/\/www.ernstbrunn-apotheke.at\/katalog\/wp-json\/wp\/v2\/product_brand?post=37115"},{"taxonomy":"product_cat","embeddable":true,"href":"https:\/\/www.ernstbrunn-apotheke.at\/katalog\/wp-json\/wp\/v2\/product_cat?post=37115"},{"taxonomy":"product_tag","embeddable":true,"href":"https:\/\/www.ernstbrunn-apotheke.at\/katalog\/wp-json\/wp\/v2\/product_tag?post=37115"}],"curies":[{"name":"wp","href":"https:\/\/api.w.org\/{rel}","templated":true}]}}