{"id":37110,"date":"2025-11-10T13:08:13","date_gmt":"2025-11-10T12:08:13","guid":{"rendered":"https:\/\/www.ernstbrunn-apotheke.at\/katalog\/produkt\/osanit-hustenkuegelchen-75-g\/"},"modified":"2025-12-08T15:44:49","modified_gmt":"2025-12-08T14:44:49","slug":"osanit-hustenkuegelchen-75-g","status":"publish","type":"product","link":"https:\/\/www.ernstbrunn-apotheke.at\/katalog\/produkt\/osanit-hustenkuegelchen-75-g\/","title":{"rendered":"Osanit Hustenk\u00fcgelchen 7,5 g"},"content":{"rendered":"<p>Osanit Hustenk\u00fcgelchen sind ein hom\u00f6opathisches Einzelmittel hergestellt aus der Sonnentau-Pflanze (= Drosera). Drosera hat eine spezifische hom\u00f6opathische Wirksamkeit auf die Atemwege. Die Anwendungsgebiete leiten sich von den hom\u00f6opathischen Arzneimittelbildern ab. Dazu geh\u00f6ren: trockener, qu\u00e4lender Krampf- und Reizhusten  tiefer, hohl klingender, bellender Husten und schmerzhafte, vor allem nachts auftretende Hustenanf\u00e4lle.<\/p>\n","protected":false},"excerpt":{"rendered":"<p>Osanit Hustenk\u00fcgelchen sind ein hom\u00f6opathisches Einzelmittel hergestellt aus der Sonnentau-Pflanze (= Drosera). Drosera hat eine spezifische hom\u00f6opathische Wirksamkeit auf die Atemwege. Die Anwendungsgebiete leiten sich von den hom\u00f6opathischen Arzneimittelbildern ab. Dazu geh\u00f6ren: trockener, qu\u00e4lender Krampf- und Reizhusten tiefer, hohl klingender, bellender Husten und schmerzhafte, vor allem nachts auftretende Hustenanf\u00e4lle.<\/p>\n","protected":false},"featured_media":37112,"template":"","meta":{"_acf_changed":false},"product_brand":[],"product_cat":[819],"product_tag":[],"class_list":{"0":"post-37110","1":"product","2":"type-product","3":"status-publish","4":"has-post-thumbnail","6":"product_cat-o","7":"pa_packungsgroesse-7g","9":"first","10":"instock","11":"shipping-taxable","12":"purchasable","13":"product-type-simple"},"acf":[],"_links":{"self":[{"href":"https:\/\/www.ernstbrunn-apotheke.at\/katalog\/wp-json\/wp\/v2\/product\/37110","targetHints":{"allow":["GET"]}}],"collection":[{"href":"https:\/\/www.ernstbrunn-apotheke.at\/katalog\/wp-json\/wp\/v2\/product"}],"about":[{"href":"https:\/\/www.ernstbrunn-apotheke.at\/katalog\/wp-json\/wp\/v2\/types\/product"}],"wp:featuredmedia":[{"embeddable":true,"href":"https:\/\/www.ernstbrunn-apotheke.at\/katalog\/wp-json\/wp\/v2\/media\/37112"}],"wp:attachment":[{"href":"https:\/\/www.ernstbrunn-apotheke.at\/katalog\/wp-json\/wp\/v2\/media?parent=37110"}],"wp:term":[{"taxonomy":"product_brand","embeddable":true,"href":"https:\/\/www.ernstbrunn-apotheke.at\/katalog\/wp-json\/wp\/v2\/product_brand?post=37110"},{"taxonomy":"product_cat","embeddable":true,"href":"https:\/\/www.ernstbrunn-apotheke.at\/katalog\/wp-json\/wp\/v2\/product_cat?post=37110"},{"taxonomy":"product_tag","embeddable":true,"href":"https:\/\/www.ernstbrunn-apotheke.at\/katalog\/wp-json\/wp\/v2\/product_tag?post=37110"}],"curies":[{"name":"wp","href":"https:\/\/api.w.org\/{rel}","templated":true}]}}