{"id":37100,"date":"2025-11-10T13:08:13","date_gmt":"2025-11-10T12:08:13","guid":{"rendered":"https:\/\/www.ernstbrunn-apotheke.at\/katalog\/produkt\/otovowen-tropfen-bei-mittelohrentzuendung-30-ml\/"},"modified":"2025-12-08T15:44:47","modified_gmt":"2025-12-08T14:44:47","slug":"otovowen-tropfen-bei-mittelohrentzuendung-30-ml","status":"publish","type":"product","link":"https:\/\/www.ernstbrunn-apotheke.at\/katalog\/produkt\/otovowen-tropfen-bei-mittelohrentzuendung-30-ml\/","title":{"rendered":"Otovowen Tropfen bei Mittelohrentz\u00fcndung 30 ml"},"content":{"rendered":"<p>Otovowen Tropfen bieten Erste Hilfe bei Ohrenschmerzen und Mittelohrentz\u00fcndung. Die Tropfen werden zur schnellen und zuverl\u00e4ssigen Behandlung von Ohrenschmerzen durch Mittelohrentz\u00fcndungen angewendet. Otovowen eignet sich besonders gut zur Erstversorgung und wirkt sanft und sicher auf pflanzlicher Grundlage.<\/p>\n","protected":false},"excerpt":{"rendered":"<p>Otovowen Tropfen bieten Erste Hilfe bei Ohrenschmerzen und Mittelohrentz\u00fcndung. Die Tropfen werden zur schnellen und zuverl\u00e4ssigen Behandlung von Ohrenschmerzen durch Mittelohrentz\u00fcndungen angewendet. Otovowen eignet sich besonders gut zur Erstversorgung und wirkt sanft und sicher auf pflanzlicher Grundlage.<\/p>\n","protected":false},"featured_media":37102,"template":"","meta":{"_acf_changed":false},"product_brand":[],"product_cat":[819],"product_tag":[],"class_list":{"0":"post-37100","1":"product","2":"type-product","3":"status-publish","4":"has-post-thumbnail","6":"product_cat-o","7":"pa_packungsgroesse-30ml","9":"first","10":"instock","11":"shipping-taxable","12":"purchasable","13":"product-type-simple"},"acf":[],"_links":{"self":[{"href":"https:\/\/www.ernstbrunn-apotheke.at\/katalog\/wp-json\/wp\/v2\/product\/37100","targetHints":{"allow":["GET"]}}],"collection":[{"href":"https:\/\/www.ernstbrunn-apotheke.at\/katalog\/wp-json\/wp\/v2\/product"}],"about":[{"href":"https:\/\/www.ernstbrunn-apotheke.at\/katalog\/wp-json\/wp\/v2\/types\/product"}],"wp:featuredmedia":[{"embeddable":true,"href":"https:\/\/www.ernstbrunn-apotheke.at\/katalog\/wp-json\/wp\/v2\/media\/37102"}],"wp:attachment":[{"href":"https:\/\/www.ernstbrunn-apotheke.at\/katalog\/wp-json\/wp\/v2\/media?parent=37100"}],"wp:term":[{"taxonomy":"product_brand","embeddable":true,"href":"https:\/\/www.ernstbrunn-apotheke.at\/katalog\/wp-json\/wp\/v2\/product_brand?post=37100"},{"taxonomy":"product_cat","embeddable":true,"href":"https:\/\/www.ernstbrunn-apotheke.at\/katalog\/wp-json\/wp\/v2\/product_cat?post=37100"},{"taxonomy":"product_tag","embeddable":true,"href":"https:\/\/www.ernstbrunn-apotheke.at\/katalog\/wp-json\/wp\/v2\/product_tag?post=37100"}],"curies":[{"name":"wp","href":"https:\/\/api.w.org\/{rel}","templated":true}]}}