{"id":37001,"date":"2025-11-10T13:06:30","date_gmt":"2025-11-10T12:06:30","guid":{"rendered":"https:\/\/www.ernstbrunn-apotheke.at\/katalog\/produkt\/similasan-tabletten-gegen-heuschnupfen-80-stk\/"},"modified":"2025-12-08T15:44:32","modified_gmt":"2025-12-08T14:44:32","slug":"similasan-tabletten-gegen-heuschnupfen-80-stk","status":"publish","type":"product","link":"https:\/\/www.ernstbrunn-apotheke.at\/katalog\/produkt\/similasan-tabletten-gegen-heuschnupfen-80-stk\/","title":{"rendered":"Similasan Tabletten gegen Heuschnupfen 80 Stk."},"content":{"rendered":"<p>Tabletten gegen Heuschnupfen \u201eSimilasan\u201c sind ein hom\u00f6opathisches Arzneimittel. Die Hom\u00f6opathie versteht sich als Regulationstherapie bei akuten und chronischen Krankheiten. Die Anwendungsgebiete leiten sich von den hom\u00f6opathischen Arzneimittelbildern ab. Dazu geh\u00f6rt die unterst\u00fctzende Behandlung von akuter und chronischer allergischer Schnupfen, vasomotorischer (= \u201enerv\u00f6ser\u201c) Schnupfen, Heuschnupfen mit Augenbrennen, Tr\u00e4nenfluss, Anschwellen der Nasen- und Augenschleimh\u00e4ute, Jucken in der Nase, Druckgef\u00fchl in der Stirn sowie Heuschnupfen mit verstopfter oder rinnender Nase.<\/p>\n","protected":false},"excerpt":{"rendered":"<p>Tabletten gegen Heuschnupfen \u201eSimilasan\u201c sind ein hom\u00f6opathisches Arzneimittel. Die Hom\u00f6opathie versteht sich als Regulationstherapie bei akuten und chronischen Krankheiten. Die Anwendungsgebiete leiten sich von den hom\u00f6opathischen Arzneimittelbildern ab. Dazu geh\u00f6rt die unterst\u00fctzende Behandlung von akuter und chronischer allergischer Schnupfen, vasomotorischer (= \u201enerv\u00f6ser\u201c) Schnupfen, Heuschnupfen mit Augenbrennen, Tr\u00e4nenfluss, Anschwellen der Nasen- und Augenschleimh\u00e4ute, Jucken in der [&hellip;]<\/p>\n","protected":false},"featured_media":37003,"template":"","meta":{"_acf_changed":false},"product_brand":[932],"product_cat":[791],"product_tag":[],"class_list":{"0":"post-37001","1":"product","2":"type-product","3":"status-publish","4":"has-post-thumbnail","6":"product_brand-similasan","7":"product_cat-s","8":"pa_packungsgroesse-80-stueck","10":"first","11":"instock","12":"shipping-taxable","13":"purchasable","14":"product-type-simple"},"acf":[],"_links":{"self":[{"href":"https:\/\/www.ernstbrunn-apotheke.at\/katalog\/wp-json\/wp\/v2\/product\/37001","targetHints":{"allow":["GET"]}}],"collection":[{"href":"https:\/\/www.ernstbrunn-apotheke.at\/katalog\/wp-json\/wp\/v2\/product"}],"about":[{"href":"https:\/\/www.ernstbrunn-apotheke.at\/katalog\/wp-json\/wp\/v2\/types\/product"}],"wp:featuredmedia":[{"embeddable":true,"href":"https:\/\/www.ernstbrunn-apotheke.at\/katalog\/wp-json\/wp\/v2\/media\/37003"}],"wp:attachment":[{"href":"https:\/\/www.ernstbrunn-apotheke.at\/katalog\/wp-json\/wp\/v2\/media?parent=37001"}],"wp:term":[{"taxonomy":"product_brand","embeddable":true,"href":"https:\/\/www.ernstbrunn-apotheke.at\/katalog\/wp-json\/wp\/v2\/product_brand?post=37001"},{"taxonomy":"product_cat","embeddable":true,"href":"https:\/\/www.ernstbrunn-apotheke.at\/katalog\/wp-json\/wp\/v2\/product_cat?post=37001"},{"taxonomy":"product_tag","embeddable":true,"href":"https:\/\/www.ernstbrunn-apotheke.at\/katalog\/wp-json\/wp\/v2\/product_tag?post=37001"}],"curies":[{"name":"wp","href":"https:\/\/api.w.org\/{rel}","templated":true}]}}