{"id":36961,"date":"2025-11-10T13:05:59","date_gmt":"2025-11-10T12:05:59","guid":{"rendered":"https:\/\/www.ernstbrunn-apotheke.at\/katalog\/produkt\/meditonsin-tropfen\/"},"modified":"2025-12-08T15:44:24","modified_gmt":"2025-12-08T14:44:24","slug":"meditonsin-tropfen","status":"publish","type":"product","link":"https:\/\/www.ernstbrunn-apotheke.at\/katalog\/produkt\/meditonsin-tropfen\/","title":{"rendered":"Meditonsin Tropfen"},"content":{"rendered":"<p>Eine Erk\u00e4ltung, auch grippaler Infekt genannt, kann jeden treffen \u2013 und das zu jeder Jahreszeit. Mit der Erk\u00e4ltungs-Medizin Meditonsin, einem nachgewiesen wirksamen Arzneimittel, k\u00f6nnen auch Sie die Erk\u00e4ltungszeit gut \u00fcberstehen. Meditonsin enth\u00e4lt den einzigartigen Tri-Komplex aus drei nat\u00fcrlichen, sich erg\u00e4nzenden Wirkstoffen und hat sich seit \u00fcber 60 Jahren millionenfach als Erk\u00e4ltungs-Medizin bew\u00e4hrt.<\/p>\n","protected":false},"excerpt":{"rendered":"<p>Eine Erk\u00e4ltung, auch grippaler Infekt genannt, kann jeden treffen \u2013 und das zu jeder Jahreszeit. Mit der Erk\u00e4ltungs-Medizin Meditonsin, einem nachgewiesen wirksamen Arzneimittel, k\u00f6nnen auch Sie die Erk\u00e4ltungszeit gut \u00fcberstehen. Meditonsin enth\u00e4lt den einzigartigen Tri-Komplex aus drei nat\u00fcrlichen, sich erg\u00e4nzenden Wirkstoffen und hat sich seit \u00fcber 60 Jahren millionenfach als Erk\u00e4ltungs-Medizin bew\u00e4hrt.<\/p>\n","protected":false},"featured_media":36963,"template":"","meta":{"_acf_changed":false},"product_brand":[],"product_cat":[800],"product_tag":[],"class_list":{"0":"post-36961","1":"product","2":"type-product","3":"status-publish","4":"has-post-thumbnail","6":"product_cat-m","7":"pa_geschmack-neutral","8":"pa_packungsgroesse-35g","9":"pa_packungsgroesse-70g","11":"first","12":"instock","13":"shipping-taxable","14":"purchasable","15":"product-type-simple"},"acf":[],"_links":{"self":[{"href":"https:\/\/www.ernstbrunn-apotheke.at\/katalog\/wp-json\/wp\/v2\/product\/36961","targetHints":{"allow":["GET"]}}],"collection":[{"href":"https:\/\/www.ernstbrunn-apotheke.at\/katalog\/wp-json\/wp\/v2\/product"}],"about":[{"href":"https:\/\/www.ernstbrunn-apotheke.at\/katalog\/wp-json\/wp\/v2\/types\/product"}],"wp:featuredmedia":[{"embeddable":true,"href":"https:\/\/www.ernstbrunn-apotheke.at\/katalog\/wp-json\/wp\/v2\/media\/36963"}],"wp:attachment":[{"href":"https:\/\/www.ernstbrunn-apotheke.at\/katalog\/wp-json\/wp\/v2\/media?parent=36961"}],"wp:term":[{"taxonomy":"product_brand","embeddable":true,"href":"https:\/\/www.ernstbrunn-apotheke.at\/katalog\/wp-json\/wp\/v2\/product_brand?post=36961"},{"taxonomy":"product_cat","embeddable":true,"href":"https:\/\/www.ernstbrunn-apotheke.at\/katalog\/wp-json\/wp\/v2\/product_cat?post=36961"},{"taxonomy":"product_tag","embeddable":true,"href":"https:\/\/www.ernstbrunn-apotheke.at\/katalog\/wp-json\/wp\/v2\/product_tag?post=36961"}],"curies":[{"name":"wp","href":"https:\/\/api.w.org\/{rel}","templated":true}]}}