{"id":36916,"date":"2025-11-10T13:04:27","date_gmt":"2025-11-10T12:04:27","guid":{"rendered":"https:\/\/www.ernstbrunn-apotheke.at\/katalog\/produkt\/neradin-20-stk\/"},"modified":"2025-12-08T15:44:16","modified_gmt":"2025-12-08T14:44:16","slug":"neradin-20-stk","status":"publish","type":"product","link":"https:\/\/www.ernstbrunn-apotheke.at\/katalog\/produkt\/neradin-20-stk\/","title":{"rendered":"Neradin 20 Stk."},"content":{"rendered":"<p>Neradin ist ein zugelassenes, rezeptfreies Arzneimittel bei sexueller Schw\u00e4che. Dazu geh\u00f6ren Potenzprobleme wie zum Beispiel Erektionsst\u00f6rungen oder erektile Dysfunktion. Die Tabletten erm\u00f6glichen Sponanit\u00e4t und Zwanglosigkeit &#8211; denn Neradin ist nicht auf eine kurzfristige, zeitlich begrenzte Wirkung nach der Einnahme ausgerichtet.<\/p>\n","protected":false},"excerpt":{"rendered":"<p>Neradin ist ein zugelassenes, rezeptfreies Arzneimittel bei sexueller Schw\u00e4che. Dazu geh\u00f6ren Potenzprobleme wie zum Beispiel Erektionsst\u00f6rungen oder erektile Dysfunktion. Die Tabletten erm\u00f6glichen Sponanit\u00e4t und Zwanglosigkeit &#8211; denn Neradin ist nicht auf eine kurzfristige, zeitlich begrenzte Wirkung nach der Einnahme ausgerichtet.<\/p>\n","protected":false},"featured_media":36918,"template":"","meta":{"_acf_changed":false},"product_brand":[],"product_cat":[797],"product_tag":[],"class_list":{"0":"post-36916","1":"product","2":"type-product","3":"status-publish","4":"has-post-thumbnail","6":"product_cat-n","7":"pa_packungsgroesse-20-stueck","9":"first","10":"instock","11":"shipping-taxable","12":"purchasable","13":"product-type-simple"},"acf":[],"_links":{"self":[{"href":"https:\/\/www.ernstbrunn-apotheke.at\/katalog\/wp-json\/wp\/v2\/product\/36916","targetHints":{"allow":["GET"]}}],"collection":[{"href":"https:\/\/www.ernstbrunn-apotheke.at\/katalog\/wp-json\/wp\/v2\/product"}],"about":[{"href":"https:\/\/www.ernstbrunn-apotheke.at\/katalog\/wp-json\/wp\/v2\/types\/product"}],"wp:featuredmedia":[{"embeddable":true,"href":"https:\/\/www.ernstbrunn-apotheke.at\/katalog\/wp-json\/wp\/v2\/media\/36918"}],"wp:attachment":[{"href":"https:\/\/www.ernstbrunn-apotheke.at\/katalog\/wp-json\/wp\/v2\/media?parent=36916"}],"wp:term":[{"taxonomy":"product_brand","embeddable":true,"href":"https:\/\/www.ernstbrunn-apotheke.at\/katalog\/wp-json\/wp\/v2\/product_brand?post=36916"},{"taxonomy":"product_cat","embeddable":true,"href":"https:\/\/www.ernstbrunn-apotheke.at\/katalog\/wp-json\/wp\/v2\/product_cat?post=36916"},{"taxonomy":"product_tag","embeddable":true,"href":"https:\/\/www.ernstbrunn-apotheke.at\/katalog\/wp-json\/wp\/v2\/product_tag?post=36916"}],"curies":[{"name":"wp","href":"https:\/\/api.w.org\/{rel}","templated":true}]}}