{"id":36871,"date":"2025-11-10T13:04:08","date_gmt":"2025-11-10T12:04:08","guid":{"rendered":"https:\/\/www.ernstbrunn-apotheke.at\/katalog\/produkt\/australische-buschbluetenessenz-green-15-ml\/"},"modified":"2025-12-08T15:44:05","modified_gmt":"2025-12-08T14:44:05","slug":"australische-buschbluetenessenz-green-15-ml","status":"publish","type":"product","link":"https:\/\/www.ernstbrunn-apotheke.at\/katalog\/produkt\/australische-buschbluetenessenz-green-15-ml\/","title":{"rendered":"Australische Buschbl\u00fctenessenz Green 15 ml"},"content":{"rendered":"<p>Australische Buschbl\u00fctenessenz Green wird angewandt, um den Organismus von Hefe- und Schimmelpilzen und von Parasiten zu reinigen. \u00c4u\u00dferlich k\u00f6nnen mit Green Essence Hauptprobleme wie Exzeme, Psoriasis oder Pilzinfektionen behandelt werden.<\/p>\n","protected":false},"excerpt":{"rendered":"<p>Australische Buschbl\u00fctenessenz Green wird angewandt, um den Organismus von Hefe- und Schimmelpilzen und von Parasiten zu reinigen. \u00c4u\u00dferlich k\u00f6nnen mit Green Essence Hauptprobleme wie Exzeme, Psoriasis oder Pilzinfektionen behandelt werden.<\/p>\n","protected":false},"featured_media":0,"template":"","meta":{"_acf_changed":false},"product_brand":[930],"product_cat":[801],"product_tag":[],"class_list":{"0":"post-36871","1":"product","2":"type-product","3":"status-publish","5":"product_brand-australische-buschblueten","6":"product_cat-a","7":"pa_packungsgroesse-15ml","9":"first","10":"instock","11":"shipping-taxable","12":"purchasable","13":"product-type-simple"},"acf":[],"_links":{"self":[{"href":"https:\/\/www.ernstbrunn-apotheke.at\/katalog\/wp-json\/wp\/v2\/product\/36871","targetHints":{"allow":["GET"]}}],"collection":[{"href":"https:\/\/www.ernstbrunn-apotheke.at\/katalog\/wp-json\/wp\/v2\/product"}],"about":[{"href":"https:\/\/www.ernstbrunn-apotheke.at\/katalog\/wp-json\/wp\/v2\/types\/product"}],"wp:attachment":[{"href":"https:\/\/www.ernstbrunn-apotheke.at\/katalog\/wp-json\/wp\/v2\/media?parent=36871"}],"wp:term":[{"taxonomy":"product_brand","embeddable":true,"href":"https:\/\/www.ernstbrunn-apotheke.at\/katalog\/wp-json\/wp\/v2\/product_brand?post=36871"},{"taxonomy":"product_cat","embeddable":true,"href":"https:\/\/www.ernstbrunn-apotheke.at\/katalog\/wp-json\/wp\/v2\/product_cat?post=36871"},{"taxonomy":"product_tag","embeddable":true,"href":"https:\/\/www.ernstbrunn-apotheke.at\/katalog\/wp-json\/wp\/v2\/product_tag?post=36871"}],"curies":[{"name":"wp","href":"https:\/\/api.w.org\/{rel}","templated":true}]}}