{"id":36850,"date":"2025-11-10T13:03:48","date_gmt":"2025-11-10T12:03:48","guid":{"rendered":"https:\/\/www.ernstbrunn-apotheke.at\/katalog\/produkt\/bachbluete-apopharm-37-wild-rose-wildrose-20-ml\/"},"modified":"2025-12-08T15:43:50","modified_gmt":"2025-12-08T14:43:50","slug":"bachbluete-apopharm-37-wild-rose-wildrose-20-ml","status":"publish","type":"product","link":"https:\/\/www.ernstbrunn-apotheke.at\/katalog\/produkt\/bachbluete-apopharm-37-wild-rose-wildrose-20-ml\/","title":{"rendered":"Bachbl\u00fcte Apopharm 37 Wild Rose\/Wildrose 20 ml"},"content":{"rendered":"<p>Bachbl\u00fcte Apopharm 37 Wild Rose\/Wildrose eignet sich zum Einsatz f\u00fcr Menschen, die sich zu nichts aufraffen k\u00f6nnen oder resigniert durchs Leben treiben. Das Produkt wird bei allen krankhaften St\u00f6rungen, die mit Antriebslosigkeit, Resignation oder mangelndem Lebenswillen einhergehen oder davon ausgel\u00f6st wurden, eingesetzt.<\/p>\n","protected":false},"excerpt":{"rendered":"<p>Bachbl\u00fcte Apopharm 37 Wild Rose\/Wildrose eignet sich zum Einsatz f\u00fcr Menschen, die sich zu nichts aufraffen k\u00f6nnen oder resigniert durchs Leben treiben. Das Produkt wird bei allen krankhaften St\u00f6rungen, die mit Antriebslosigkeit, Resignation oder mangelndem Lebenswillen einhergehen oder davon ausgel\u00f6st wurden, eingesetzt.<\/p>\n","protected":false},"featured_media":0,"template":"","meta":{"_acf_changed":false},"product_brand":[],"product_cat":[802],"product_tag":[],"class_list":{"0":"post-36850","1":"product","2":"type-product","3":"status-publish","5":"product_cat-b","6":"pa_packungsgroesse-20ml","8":"first","9":"instock","10":"shipping-taxable","11":"purchasable","12":"product-type-simple"},"acf":[],"_links":{"self":[{"href":"https:\/\/www.ernstbrunn-apotheke.at\/katalog\/wp-json\/wp\/v2\/product\/36850","targetHints":{"allow":["GET"]}}],"collection":[{"href":"https:\/\/www.ernstbrunn-apotheke.at\/katalog\/wp-json\/wp\/v2\/product"}],"about":[{"href":"https:\/\/www.ernstbrunn-apotheke.at\/katalog\/wp-json\/wp\/v2\/types\/product"}],"wp:attachment":[{"href":"https:\/\/www.ernstbrunn-apotheke.at\/katalog\/wp-json\/wp\/v2\/media?parent=36850"}],"wp:term":[{"taxonomy":"product_brand","embeddable":true,"href":"https:\/\/www.ernstbrunn-apotheke.at\/katalog\/wp-json\/wp\/v2\/product_brand?post=36850"},{"taxonomy":"product_cat","embeddable":true,"href":"https:\/\/www.ernstbrunn-apotheke.at\/katalog\/wp-json\/wp\/v2\/product_cat?post=36850"},{"taxonomy":"product_tag","embeddable":true,"href":"https:\/\/www.ernstbrunn-apotheke.at\/katalog\/wp-json\/wp\/v2\/product_tag?post=36850"}],"curies":[{"name":"wp","href":"https:\/\/api.w.org\/{rel}","templated":true}]}}