{"id":36824,"date":"2025-11-10T13:03:13","date_gmt":"2025-11-10T12:03:13","guid":{"rendered":"https:\/\/www.ernstbrunn-apotheke.at\/katalog\/produkt\/healing-herbs-aspen-10-ml\/"},"modified":"2025-12-08T15:43:39","modified_gmt":"2025-12-08T14:43:39","slug":"healing-herbs-aspen-10-ml","status":"publish","type":"product","link":"https:\/\/www.ernstbrunn-apotheke.at\/katalog\/produkt\/healing-herbs-aspen-10-ml\/","title":{"rendered":"Healing Herbs Aspen 10 ml"},"content":{"rendered":"<p>Healing Herbs Aspen hilft, mit \u00c4ngsten und Bef\u00fcrchtungen, die einen ohne einen bestimmten Grund befallen, fertig zu werden. Es sollte nach dem Motto &#8222;Ich \u00fcberwinde jetzt meine Bef\u00fcrchtungen durch Vertrauen und Ruhe&#8220; eingenommen werden.<\/p>\n","protected":false},"excerpt":{"rendered":"<p>Healing Herbs Aspen hilft, mit \u00c4ngsten und Bef\u00fcrchtungen, die einen ohne einen bestimmten Grund befallen, fertig zu werden. Es sollte nach dem Motto &#8222;Ich \u00fcberwinde jetzt meine Bef\u00fcrchtungen durch Vertrauen und Ruhe&#8220; eingenommen werden.<\/p>\n","protected":false},"featured_media":0,"template":"","meta":{"_acf_changed":false},"product_brand":[927],"product_cat":[805],"product_tag":[],"class_list":{"0":"post-36824","1":"product","2":"type-product","3":"status-publish","5":"product_brand-healing-herbs","6":"product_cat-h","7":"pa_packungsgroesse-10ml","9":"first","10":"instock","11":"shipping-taxable","12":"purchasable","13":"product-type-simple"},"acf":[],"_links":{"self":[{"href":"https:\/\/www.ernstbrunn-apotheke.at\/katalog\/wp-json\/wp\/v2\/product\/36824","targetHints":{"allow":["GET"]}}],"collection":[{"href":"https:\/\/www.ernstbrunn-apotheke.at\/katalog\/wp-json\/wp\/v2\/product"}],"about":[{"href":"https:\/\/www.ernstbrunn-apotheke.at\/katalog\/wp-json\/wp\/v2\/types\/product"}],"wp:attachment":[{"href":"https:\/\/www.ernstbrunn-apotheke.at\/katalog\/wp-json\/wp\/v2\/media?parent=36824"}],"wp:term":[{"taxonomy":"product_brand","embeddable":true,"href":"https:\/\/www.ernstbrunn-apotheke.at\/katalog\/wp-json\/wp\/v2\/product_brand?post=36824"},{"taxonomy":"product_cat","embeddable":true,"href":"https:\/\/www.ernstbrunn-apotheke.at\/katalog\/wp-json\/wp\/v2\/product_cat?post=36824"},{"taxonomy":"product_tag","embeddable":true,"href":"https:\/\/www.ernstbrunn-apotheke.at\/katalog\/wp-json\/wp\/v2\/product_tag?post=36824"}],"curies":[{"name":"wp","href":"https:\/\/api.w.org\/{rel}","templated":true}]}}