{"id":36819,"date":"2025-11-10T13:03:13","date_gmt":"2025-11-10T12:03:13","guid":{"rendered":"https:\/\/www.ernstbrunn-apotheke.at\/katalog\/produkt\/apopharm-bachblueten-33-walnut-20-ml\/"},"modified":"2025-12-08T15:43:37","modified_gmt":"2025-12-08T14:43:37","slug":"apopharm-bachblueten-33-walnut-20-ml","status":"publish","type":"product","link":"https:\/\/www.ernstbrunn-apotheke.at\/katalog\/produkt\/apopharm-bachblueten-33-walnut-20-ml\/","title":{"rendered":"Apopharm Bachbl\u00fcten 33 Walnut 20 ml"},"content":{"rendered":"<p>Apopharm Bachbl\u00fcten 33 Walnut eignet sich zur Anwendung bei allen krankhaften St\u00f6rungen, die mit einem Mangel an innerer Stabilit\u00e4t oder Abwehrkraft einhergehen oder davon ausgel\u00f6st wurden. So wird das Produkt im t\u00e4glichen Leben bei zu gro\u00dfer Beeinflu\u00dfbarkeit, Labilit\u00e4t, Gutgl\u00e4ubigkeit sowie schlechten Gewohnheiten eingesetzt.<\/p>\n","protected":false},"excerpt":{"rendered":"<p>Apopharm Bachbl\u00fcten 33 Walnut eignet sich zur Anwendung bei allen krankhaften St\u00f6rungen, die mit einem Mangel an innerer Stabilit\u00e4t oder Abwehrkraft einhergehen oder davon ausgel\u00f6st wurden. So wird das Produkt im t\u00e4glichen Leben bei zu gro\u00dfer Beeinflu\u00dfbarkeit, Labilit\u00e4t, Gutgl\u00e4ubigkeit sowie schlechten Gewohnheiten eingesetzt.<\/p>\n","protected":false},"featured_media":36821,"template":"","meta":{"_acf_changed":false},"product_brand":[],"product_cat":[801],"product_tag":[],"class_list":{"0":"post-36819","1":"product","2":"type-product","3":"status-publish","4":"has-post-thumbnail","6":"product_cat-a","7":"pa_packungsgroesse-20ml","9":"first","10":"instock","11":"shipping-taxable","12":"purchasable","13":"product-type-simple"},"acf":[],"_links":{"self":[{"href":"https:\/\/www.ernstbrunn-apotheke.at\/katalog\/wp-json\/wp\/v2\/product\/36819","targetHints":{"allow":["GET"]}}],"collection":[{"href":"https:\/\/www.ernstbrunn-apotheke.at\/katalog\/wp-json\/wp\/v2\/product"}],"about":[{"href":"https:\/\/www.ernstbrunn-apotheke.at\/katalog\/wp-json\/wp\/v2\/types\/product"}],"wp:featuredmedia":[{"embeddable":true,"href":"https:\/\/www.ernstbrunn-apotheke.at\/katalog\/wp-json\/wp\/v2\/media\/36821"}],"wp:attachment":[{"href":"https:\/\/www.ernstbrunn-apotheke.at\/katalog\/wp-json\/wp\/v2\/media?parent=36819"}],"wp:term":[{"taxonomy":"product_brand","embeddable":true,"href":"https:\/\/www.ernstbrunn-apotheke.at\/katalog\/wp-json\/wp\/v2\/product_brand?post=36819"},{"taxonomy":"product_cat","embeddable":true,"href":"https:\/\/www.ernstbrunn-apotheke.at\/katalog\/wp-json\/wp\/v2\/product_cat?post=36819"},{"taxonomy":"product_tag","embeddable":true,"href":"https:\/\/www.ernstbrunn-apotheke.at\/katalog\/wp-json\/wp\/v2\/product_tag?post=36819"}],"curies":[{"name":"wp","href":"https:\/\/api.w.org\/{rel}","templated":true}]}}