{"id":36798,"date":"2025-11-10T13:03:04","date_gmt":"2025-11-10T12:03:04","guid":{"rendered":"https:\/\/www.ernstbrunn-apotheke.at\/katalog\/produkt\/healing-herbs-bachblueten-rock-water-tropfen-10-ml\/"},"modified":"2025-12-08T15:43:29","modified_gmt":"2025-12-08T14:43:29","slug":"healing-herbs-bachblueten-rock-water-tropfen-10-ml","status":"publish","type":"product","link":"https:\/\/www.ernstbrunn-apotheke.at\/katalog\/produkt\/healing-herbs-bachblueten-rock-water-tropfen-10-ml\/","title":{"rendered":"Healing Herbs Bachbl\u00fcten Rock Water Tropfen 10 ml"},"content":{"rendered":"<p>Healing Herbs Bachbl\u00fcten Rock Water Tropfen eignen sich f\u00fcr diejenigen, die eine sehr starre Lebensweise haben und sich viele Freuden und Vergn\u00fcgungen des Lebens versagen, weil sie der Meinung sind, diese w\u00fcrden ihre Arbeit st\u00f6ren. Sie sind sehr hart gegen sich selbst und wollen gesund, stark und aktiv sein und tun alles daf\u00fcr, es auch zu bleiben. Sie hoffen, dass sie ein Vorbild f\u00fcr andere Menschen sein k\u00f6nnen, die ihrem Beispiel folgen und auf diese Weise zu besseren Menschen werden.<\/p>\n","protected":false},"excerpt":{"rendered":"<p>Healing Herbs Bachbl\u00fcten Rock Water Tropfen eignen sich f\u00fcr diejenigen, die eine sehr starre Lebensweise haben und sich viele Freuden und Vergn\u00fcgungen des Lebens versagen, weil sie der Meinung sind, diese w\u00fcrden ihre Arbeit st\u00f6ren. Sie sind sehr hart gegen sich selbst und wollen gesund, stark und aktiv sein und tun alles daf\u00fcr, es auch [&hellip;]<\/p>\n","protected":false},"featured_media":0,"template":"","meta":{"_acf_changed":false},"product_brand":[927],"product_cat":[805],"product_tag":[],"class_list":{"0":"post-36798","1":"product","2":"type-product","3":"status-publish","5":"product_brand-healing-herbs","6":"product_cat-h","7":"pa_packungsgroesse-10ml","9":"first","10":"instock","11":"shipping-taxable","12":"purchasable","13":"product-type-simple"},"acf":[],"_links":{"self":[{"href":"https:\/\/www.ernstbrunn-apotheke.at\/katalog\/wp-json\/wp\/v2\/product\/36798","targetHints":{"allow":["GET"]}}],"collection":[{"href":"https:\/\/www.ernstbrunn-apotheke.at\/katalog\/wp-json\/wp\/v2\/product"}],"about":[{"href":"https:\/\/www.ernstbrunn-apotheke.at\/katalog\/wp-json\/wp\/v2\/types\/product"}],"wp:attachment":[{"href":"https:\/\/www.ernstbrunn-apotheke.at\/katalog\/wp-json\/wp\/v2\/media?parent=36798"}],"wp:term":[{"taxonomy":"product_brand","embeddable":true,"href":"https:\/\/www.ernstbrunn-apotheke.at\/katalog\/wp-json\/wp\/v2\/product_brand?post=36798"},{"taxonomy":"product_cat","embeddable":true,"href":"https:\/\/www.ernstbrunn-apotheke.at\/katalog\/wp-json\/wp\/v2\/product_cat?post=36798"},{"taxonomy":"product_tag","embeddable":true,"href":"https:\/\/www.ernstbrunn-apotheke.at\/katalog\/wp-json\/wp\/v2\/product_tag?post=36798"}],"curies":[{"name":"wp","href":"https:\/\/api.w.org\/{rel}","templated":true}]}}