{"id":36795,"date":"2025-11-10T13:03:04","date_gmt":"2025-11-10T12:03:04","guid":{"rendered":"https:\/\/www.ernstbrunn-apotheke.at\/katalog\/produkt\/apopharm-bachblueten-26-rock-rose-20-ml\/"},"modified":"2025-12-08T15:43:28","modified_gmt":"2025-12-08T14:43:28","slug":"apopharm-bachblueten-26-rock-rose-20-ml","status":"publish","type":"product","link":"https:\/\/www.ernstbrunn-apotheke.at\/katalog\/produkt\/apopharm-bachblueten-26-rock-rose-20-ml\/","title":{"rendered":"Apopharm Bachbl\u00fcten 26 Rock Rose 20 ml"},"content":{"rendered":"<p>Apopharm Bachbl\u00fcten 26 Rock Rose eignet sich zur Anwendung bei allen krankhaften St\u00f6rungen, die mit psychischem Schock oder Panik einhergehen oder davon ausgel\u00f6st wurden. So wird das Produkt zur Basisbehandlung bei Paniktendenzen, psychischer Labilit\u00e4t sowie latenter Lebensangst eingesetzt.<\/p>\n","protected":false},"excerpt":{"rendered":"<p>Apopharm Bachbl\u00fcten 26 Rock Rose eignet sich zur Anwendung bei allen krankhaften St\u00f6rungen, die mit psychischem Schock oder Panik einhergehen oder davon ausgel\u00f6st wurden. So wird das Produkt zur Basisbehandlung bei Paniktendenzen, psychischer Labilit\u00e4t sowie latenter Lebensangst eingesetzt.<\/p>\n","protected":false},"featured_media":36797,"template":"","meta":{"_acf_changed":false},"product_brand":[],"product_cat":[801],"product_tag":[],"class_list":{"0":"post-36795","1":"product","2":"type-product","3":"status-publish","4":"has-post-thumbnail","6":"product_cat-a","7":"pa_packungsgroesse-20ml","9":"first","10":"instock","11":"shipping-taxable","12":"purchasable","13":"product-type-simple"},"acf":[],"_links":{"self":[{"href":"https:\/\/www.ernstbrunn-apotheke.at\/katalog\/wp-json\/wp\/v2\/product\/36795","targetHints":{"allow":["GET"]}}],"collection":[{"href":"https:\/\/www.ernstbrunn-apotheke.at\/katalog\/wp-json\/wp\/v2\/product"}],"about":[{"href":"https:\/\/www.ernstbrunn-apotheke.at\/katalog\/wp-json\/wp\/v2\/types\/product"}],"wp:featuredmedia":[{"embeddable":true,"href":"https:\/\/www.ernstbrunn-apotheke.at\/katalog\/wp-json\/wp\/v2\/media\/36797"}],"wp:attachment":[{"href":"https:\/\/www.ernstbrunn-apotheke.at\/katalog\/wp-json\/wp\/v2\/media?parent=36795"}],"wp:term":[{"taxonomy":"product_brand","embeddable":true,"href":"https:\/\/www.ernstbrunn-apotheke.at\/katalog\/wp-json\/wp\/v2\/product_brand?post=36795"},{"taxonomy":"product_cat","embeddable":true,"href":"https:\/\/www.ernstbrunn-apotheke.at\/katalog\/wp-json\/wp\/v2\/product_cat?post=36795"},{"taxonomy":"product_tag","embeddable":true,"href":"https:\/\/www.ernstbrunn-apotheke.at\/katalog\/wp-json\/wp\/v2\/product_tag?post=36795"}],"curies":[{"name":"wp","href":"https:\/\/api.w.org\/{rel}","templated":true}]}}