{"id":36779,"date":"2025-11-10T13:02:40","date_gmt":"2025-11-10T12:02:40","guid":{"rendered":"https:\/\/www.ernstbrunn-apotheke.at\/katalog\/produkt\/apopharm-bachblueten-10-crab-apple-20-ml\/"},"modified":"2025-12-08T15:43:19","modified_gmt":"2025-12-08T14:43:19","slug":"apopharm-bachblueten-10-crab-apple-20-ml","status":"publish","type":"product","link":"https:\/\/www.ernstbrunn-apotheke.at\/katalog\/produkt\/apopharm-bachblueten-10-crab-apple-20-ml\/","title":{"rendered":"Apopharm Bachbl\u00fcten 10 Crab Apple 20 ml"},"content":{"rendered":"<p>Apopharm Bachbl\u00fcten 10 Crab Apple wird bei allen krankhaften St\u00f6rungen, die mit krankhaftem Sauberkeits- oder Ordnungsbed\u00fcrfnis einhergehen oder davon ausgel\u00f6st wurden, eingesetzt. So wird es im t\u00e4glichen Leben bei Kleinlichkeiten in Sauberkeitsfragen, Ekel sowie bei Infektionen und Hautproblemen angewendet.<\/p>\n","protected":false},"excerpt":{"rendered":"<p>Apopharm Bachbl\u00fcten 10 Crab Apple wird bei allen krankhaften St\u00f6rungen, die mit krankhaftem Sauberkeits- oder Ordnungsbed\u00fcrfnis einhergehen oder davon ausgel\u00f6st wurden, eingesetzt. So wird es im t\u00e4glichen Leben bei Kleinlichkeiten in Sauberkeitsfragen, Ekel sowie bei Infektionen und Hautproblemen angewendet.<\/p>\n","protected":false},"featured_media":36781,"template":"","meta":{"_acf_changed":false},"product_brand":[],"product_cat":[801],"product_tag":[],"class_list":{"0":"post-36779","1":"product","2":"type-product","3":"status-publish","4":"has-post-thumbnail","6":"product_cat-a","7":"pa_packungsgroesse-20ml","9":"first","10":"instock","11":"shipping-taxable","12":"purchasable","13":"product-type-simple"},"acf":[],"_links":{"self":[{"href":"https:\/\/www.ernstbrunn-apotheke.at\/katalog\/wp-json\/wp\/v2\/product\/36779","targetHints":{"allow":["GET"]}}],"collection":[{"href":"https:\/\/www.ernstbrunn-apotheke.at\/katalog\/wp-json\/wp\/v2\/product"}],"about":[{"href":"https:\/\/www.ernstbrunn-apotheke.at\/katalog\/wp-json\/wp\/v2\/types\/product"}],"wp:featuredmedia":[{"embeddable":true,"href":"https:\/\/www.ernstbrunn-apotheke.at\/katalog\/wp-json\/wp\/v2\/media\/36781"}],"wp:attachment":[{"href":"https:\/\/www.ernstbrunn-apotheke.at\/katalog\/wp-json\/wp\/v2\/media?parent=36779"}],"wp:term":[{"taxonomy":"product_brand","embeddable":true,"href":"https:\/\/www.ernstbrunn-apotheke.at\/katalog\/wp-json\/wp\/v2\/product_brand?post=36779"},{"taxonomy":"product_cat","embeddable":true,"href":"https:\/\/www.ernstbrunn-apotheke.at\/katalog\/wp-json\/wp\/v2\/product_cat?post=36779"},{"taxonomy":"product_tag","embeddable":true,"href":"https:\/\/www.ernstbrunn-apotheke.at\/katalog\/wp-json\/wp\/v2\/product_tag?post=36779"}],"curies":[{"name":"wp","href":"https:\/\/api.w.org\/{rel}","templated":true}]}}