{"id":36777,"date":"2025-11-10T13:02:40","date_gmt":"2025-11-10T12:02:40","guid":{"rendered":"https:\/\/www.ernstbrunn-apotheke.at\/katalog\/produkt\/bachbluete-apopharm-15-holly-stechpalme-20-ml\/"},"modified":"2025-12-08T15:43:18","modified_gmt":"2025-12-08T14:43:18","slug":"bachbluete-apopharm-15-holly-stechpalme-20-ml","status":"publish","type":"product","link":"https:\/\/www.ernstbrunn-apotheke.at\/katalog\/produkt\/bachbluete-apopharm-15-holly-stechpalme-20-ml\/","title":{"rendered":"Bachbl\u00fcte Apopharm 15 Holly\/Stechpalme 20 ml"},"content":{"rendered":"<p>Bachbl\u00fcte Apopharm 15 Holly eignet sich zur Anwendung bei allen krankhaften St\u00f6rungen, die mit Reizbarkeit oder Aggressionen einhergehen oder davon ausgel\u00f6st wurden. So wird es im t\u00e4glichen Leben bei Unfreundlichkeit, \u00c4rger, Wut, Reizbarkeit, Neid, Hass und Eifersucht eingesetzt.<\/p>\n","protected":false},"excerpt":{"rendered":"<p>Bachbl\u00fcte Apopharm 15 Holly eignet sich zur Anwendung bei allen krankhaften St\u00f6rungen, die mit Reizbarkeit oder Aggressionen einhergehen oder davon ausgel\u00f6st wurden. So wird es im t\u00e4glichen Leben bei Unfreundlichkeit, \u00c4rger, Wut, Reizbarkeit, Neid, Hass und Eifersucht eingesetzt.<\/p>\n","protected":false},"featured_media":0,"template":"","meta":{"_acf_changed":false},"product_brand":[],"product_cat":[802],"product_tag":[],"class_list":{"0":"post-36777","1":"product","2":"type-product","3":"status-publish","5":"product_cat-b","6":"pa_packungsgroesse-20ml","8":"first","9":"instock","10":"shipping-taxable","11":"purchasable","12":"product-type-simple"},"acf":[],"_links":{"self":[{"href":"https:\/\/www.ernstbrunn-apotheke.at\/katalog\/wp-json\/wp\/v2\/product\/36777","targetHints":{"allow":["GET"]}}],"collection":[{"href":"https:\/\/www.ernstbrunn-apotheke.at\/katalog\/wp-json\/wp\/v2\/product"}],"about":[{"href":"https:\/\/www.ernstbrunn-apotheke.at\/katalog\/wp-json\/wp\/v2\/types\/product"}],"wp:attachment":[{"href":"https:\/\/www.ernstbrunn-apotheke.at\/katalog\/wp-json\/wp\/v2\/media?parent=36777"}],"wp:term":[{"taxonomy":"product_brand","embeddable":true,"href":"https:\/\/www.ernstbrunn-apotheke.at\/katalog\/wp-json\/wp\/v2\/product_brand?post=36777"},{"taxonomy":"product_cat","embeddable":true,"href":"https:\/\/www.ernstbrunn-apotheke.at\/katalog\/wp-json\/wp\/v2\/product_cat?post=36777"},{"taxonomy":"product_tag","embeddable":true,"href":"https:\/\/www.ernstbrunn-apotheke.at\/katalog\/wp-json\/wp\/v2\/product_tag?post=36777"}],"curies":[{"name":"wp","href":"https:\/\/api.w.org\/{rel}","templated":true}]}}