{"id":36772,"date":"2025-11-10T13:02:40","date_gmt":"2025-11-10T12:02:40","guid":{"rendered":"https:\/\/www.ernstbrunn-apotheke.at\/katalog\/produkt\/rostock-essenzen-lernen-1-m3-10-ml\/"},"modified":"2025-12-08T15:43:14","modified_gmt":"2025-12-08T14:43:14","slug":"rostock-essenzen-lernen-1-m3-10-ml","status":"publish","type":"product","link":"https:\/\/www.ernstbrunn-apotheke.at\/katalog\/produkt\/rostock-essenzen-lernen-1-m3-10-ml\/","title":{"rendered":"Rostock Essenzen Lernen-1 M3 10 ml"},"content":{"rendered":"<p>Die Rostock-Essenzen sind Edelsteinessenzen aus der Steiermark, einem Bundesland \u00d6sterreichs. Schwingungsessenzen mit der Heilwirkung von Edelsteinen, Halbedelsteinen, Steinen und Mineralien sowie einigen Naturereignissen, mit Steinschwingungen verbunden. Essenzen sind Fl\u00fcssigkeiten, in denen die elektromagnetische Schwingung einer Bl\u00fcte, eines Steines oder \u00c4hnlichem auf den K\u00f6rper als Ganzes wirkt. Essenzen bestehen aus Wasser und Alkohol (Weinbrand) und werden \u00fcblicherweise pur oder verd\u00fcnnt mit Wasser eingenommen oder aufgetragen. Der Alkohol dient der Konservierung der Essenz.<\/p>\n","protected":false},"excerpt":{"rendered":"<p>Die Rostock-Essenzen sind Edelsteinessenzen aus der Steiermark, einem Bundesland \u00d6sterreichs. Schwingungsessenzen mit der Heilwirkung von Edelsteinen, Halbedelsteinen, Steinen und Mineralien sowie einigen Naturereignissen, mit Steinschwingungen verbunden. Essenzen sind Fl\u00fcssigkeiten, in denen die elektromagnetische Schwingung einer Bl\u00fcte, eines Steines oder \u00c4hnlichem auf den K\u00f6rper als Ganzes wirkt. Essenzen bestehen aus Wasser und Alkohol (Weinbrand) und werden [&hellip;]<\/p>\n","protected":false},"featured_media":0,"template":"","meta":{"_acf_changed":false},"product_brand":[929],"product_cat":[808],"product_tag":[],"class_list":{"0":"post-36772","1":"product","2":"type-product","3":"status-publish","5":"product_brand-rostock-essenzen","6":"product_cat-r","7":"pa_packungsgroesse-10ml","9":"first","10":"instock","11":"shipping-taxable","12":"purchasable","13":"product-type-simple"},"acf":[],"_links":{"self":[{"href":"https:\/\/www.ernstbrunn-apotheke.at\/katalog\/wp-json\/wp\/v2\/product\/36772","targetHints":{"allow":["GET"]}}],"collection":[{"href":"https:\/\/www.ernstbrunn-apotheke.at\/katalog\/wp-json\/wp\/v2\/product"}],"about":[{"href":"https:\/\/www.ernstbrunn-apotheke.at\/katalog\/wp-json\/wp\/v2\/types\/product"}],"wp:attachment":[{"href":"https:\/\/www.ernstbrunn-apotheke.at\/katalog\/wp-json\/wp\/v2\/media?parent=36772"}],"wp:term":[{"taxonomy":"product_brand","embeddable":true,"href":"https:\/\/www.ernstbrunn-apotheke.at\/katalog\/wp-json\/wp\/v2\/product_brand?post=36772"},{"taxonomy":"product_cat","embeddable":true,"href":"https:\/\/www.ernstbrunn-apotheke.at\/katalog\/wp-json\/wp\/v2\/product_cat?post=36772"},{"taxonomy":"product_tag","embeddable":true,"href":"https:\/\/www.ernstbrunn-apotheke.at\/katalog\/wp-json\/wp\/v2\/product_tag?post=36772"}],"curies":[{"name":"wp","href":"https:\/\/api.w.org\/{rel}","templated":true}]}}