{"id":36767,"date":"2025-11-10T13:02:28","date_gmt":"2025-11-10T12:02:28","guid":{"rendered":"https:\/\/www.ernstbrunn-apotheke.at\/katalog\/produkt\/healing-herbs-elm-10-ml\/"},"modified":"2025-12-08T15:43:11","modified_gmt":"2025-12-08T14:43:11","slug":"healing-herbs-elm-10-ml","status":"publish","type":"product","link":"https:\/\/www.ernstbrunn-apotheke.at\/katalog\/produkt\/healing-herbs-elm-10-ml\/","title":{"rendered":"Healing Herbs Elm 10 ml"},"content":{"rendered":"<p>Healing Herbs Elm wird besonders bei allen krankhaften St\u00f6rungen empfohlen, die mit pl\u00f6tzlicher Versagensangst oder akutem \u00dcberforderungsgef\u00fchl einhergehen oder davon ausgel\u00f6st wurden. So dient das Mittel zur Basisbehandlung bei Leistungskrisen, unkontrolliertem Ehrgeiz, stresserzeugendem Fehlverhalten sowie akuten Erkrankungen.<\/p>\n","protected":false},"excerpt":{"rendered":"<p>Healing Herbs Elm wird besonders bei allen krankhaften St\u00f6rungen empfohlen, die mit pl\u00f6tzlicher Versagensangst oder akutem \u00dcberforderungsgef\u00fchl einhergehen oder davon ausgel\u00f6st wurden. So dient das Mittel zur Basisbehandlung bei Leistungskrisen, unkontrolliertem Ehrgeiz, stresserzeugendem Fehlverhalten sowie akuten Erkrankungen.<\/p>\n","protected":false},"featured_media":0,"template":"","meta":{"_acf_changed":false},"product_brand":[927],"product_cat":[805],"product_tag":[],"class_list":{"0":"post-36767","1":"product","2":"type-product","3":"status-publish","5":"product_brand-healing-herbs","6":"product_cat-h","7":"pa_packungsgroesse-10ml","9":"first","10":"instock","11":"shipping-taxable","12":"purchasable","13":"product-type-simple"},"acf":[],"_links":{"self":[{"href":"https:\/\/www.ernstbrunn-apotheke.at\/katalog\/wp-json\/wp\/v2\/product\/36767","targetHints":{"allow":["GET"]}}],"collection":[{"href":"https:\/\/www.ernstbrunn-apotheke.at\/katalog\/wp-json\/wp\/v2\/product"}],"about":[{"href":"https:\/\/www.ernstbrunn-apotheke.at\/katalog\/wp-json\/wp\/v2\/types\/product"}],"wp:attachment":[{"href":"https:\/\/www.ernstbrunn-apotheke.at\/katalog\/wp-json\/wp\/v2\/media?parent=36767"}],"wp:term":[{"taxonomy":"product_brand","embeddable":true,"href":"https:\/\/www.ernstbrunn-apotheke.at\/katalog\/wp-json\/wp\/v2\/product_brand?post=36767"},{"taxonomy":"product_cat","embeddable":true,"href":"https:\/\/www.ernstbrunn-apotheke.at\/katalog\/wp-json\/wp\/v2\/product_cat?post=36767"},{"taxonomy":"product_tag","embeddable":true,"href":"https:\/\/www.ernstbrunn-apotheke.at\/katalog\/wp-json\/wp\/v2\/product_tag?post=36767"}],"curies":[{"name":"wp","href":"https:\/\/api.w.org\/{rel}","templated":true}]}}