{"id":36762,"date":"2025-11-10T13:02:28","date_gmt":"2025-11-10T12:02:28","guid":{"rendered":"https:\/\/www.ernstbrunn-apotheke.at\/katalog\/produkt\/healing-herbs-gentian-10-ml\/"},"modified":"2025-12-08T15:43:08","modified_gmt":"2025-12-08T14:43:08","slug":"healing-herbs-gentian-10-ml","status":"publish","type":"product","link":"https:\/\/www.ernstbrunn-apotheke.at\/katalog\/produkt\/healing-herbs-gentian-10-ml\/","title":{"rendered":"Healing Herbs Gentian 10 ml"},"content":{"rendered":"<p>Healing Herbs Gentian wird besonders bei allen krankhaften St\u00f6rungen empfohlen, die mit Willensschw\u00e4che oder Entmutigung einhergehen oder davon ausgel\u00f6st wurden. So dient das Mittel zur Basisbehandlung bei Willensschw\u00e4che, Mangel an Durchhaltekraft, reaktiven Depressionen und ungen\u00fcgender Konsequenz eingesetzt.<\/p>\n","protected":false},"excerpt":{"rendered":"<p>Healing Herbs Gentian wird besonders bei allen krankhaften St\u00f6rungen empfohlen, die mit Willensschw\u00e4che oder Entmutigung einhergehen oder davon ausgel\u00f6st wurden. So dient das Mittel zur Basisbehandlung bei Willensschw\u00e4che, Mangel an Durchhaltekraft, reaktiven Depressionen und ungen\u00fcgender Konsequenz eingesetzt.<\/p>\n","protected":false},"featured_media":0,"template":"","meta":{"_acf_changed":false},"product_brand":[927],"product_cat":[805],"product_tag":[],"class_list":{"0":"post-36762","1":"product","2":"type-product","3":"status-publish","5":"product_brand-healing-herbs","6":"product_cat-h","7":"pa_packungsgroesse-10ml","9":"first","10":"instock","11":"shipping-taxable","12":"purchasable","13":"product-type-simple"},"acf":[],"_links":{"self":[{"href":"https:\/\/www.ernstbrunn-apotheke.at\/katalog\/wp-json\/wp\/v2\/product\/36762","targetHints":{"allow":["GET"]}}],"collection":[{"href":"https:\/\/www.ernstbrunn-apotheke.at\/katalog\/wp-json\/wp\/v2\/product"}],"about":[{"href":"https:\/\/www.ernstbrunn-apotheke.at\/katalog\/wp-json\/wp\/v2\/types\/product"}],"wp:attachment":[{"href":"https:\/\/www.ernstbrunn-apotheke.at\/katalog\/wp-json\/wp\/v2\/media?parent=36762"}],"wp:term":[{"taxonomy":"product_brand","embeddable":true,"href":"https:\/\/www.ernstbrunn-apotheke.at\/katalog\/wp-json\/wp\/v2\/product_brand?post=36762"},{"taxonomy":"product_cat","embeddable":true,"href":"https:\/\/www.ernstbrunn-apotheke.at\/katalog\/wp-json\/wp\/v2\/product_cat?post=36762"},{"taxonomy":"product_tag","embeddable":true,"href":"https:\/\/www.ernstbrunn-apotheke.at\/katalog\/wp-json\/wp\/v2\/product_tag?post=36762"}],"curies":[{"name":"wp","href":"https:\/\/api.w.org\/{rel}","templated":true}]}}