{"id":36745,"date":"2025-11-10T13:02:17","date_gmt":"2025-11-10T12:02:17","guid":{"rendered":"https:\/\/www.ernstbrunn-apotheke.at\/katalog\/produkt\/australische-buschbluetenessenz-south-cross-15-ml\/"},"modified":"2025-12-08T15:42:57","modified_gmt":"2025-12-08T14:42:57","slug":"australische-buschbluetenessenz-south-cross-15-ml","status":"publish","type":"product","link":"https:\/\/www.ernstbrunn-apotheke.at\/katalog\/produkt\/australische-buschbluetenessenz-south-cross-15-ml\/","title":{"rendered":"Australische Buschbl\u00fctenessenz South Cross 15 ml"},"content":{"rendered":"<p>Australische Buschbl\u00fctenessenz South Cross unterst\u00fctzt Menschen, die sich als Opfer f\u00fchlen und meinen, dass das Leben oder andere sie hart mitgenommen haben. Diese Essenz hilft dabei zu begreifen, dass Menschen sich alle Ereignisse des Lebens selbst schaffen und nur eine \u00c4nderung der Einstellung diese beeinflussen kann.<\/p>\n","protected":false},"excerpt":{"rendered":"<p>Australische Buschbl\u00fctenessenz South Cross unterst\u00fctzt Menschen, die sich als Opfer f\u00fchlen und meinen, dass das Leben oder andere sie hart mitgenommen haben. Diese Essenz hilft dabei zu begreifen, dass Menschen sich alle Ereignisse des Lebens selbst schaffen und nur eine \u00c4nderung der Einstellung diese beeinflussen kann.<\/p>\n","protected":false},"featured_media":0,"template":"","meta":{"_acf_changed":false},"product_brand":[930],"product_cat":[801],"product_tag":[],"class_list":{"0":"post-36745","1":"product","2":"type-product","3":"status-publish","5":"product_brand-australische-buschblueten","6":"product_cat-a","7":"pa_packungsgroesse-15ml","9":"first","10":"instock","11":"shipping-taxable","12":"purchasable","13":"product-type-simple"},"acf":[],"_links":{"self":[{"href":"https:\/\/www.ernstbrunn-apotheke.at\/katalog\/wp-json\/wp\/v2\/product\/36745","targetHints":{"allow":["GET"]}}],"collection":[{"href":"https:\/\/www.ernstbrunn-apotheke.at\/katalog\/wp-json\/wp\/v2\/product"}],"about":[{"href":"https:\/\/www.ernstbrunn-apotheke.at\/katalog\/wp-json\/wp\/v2\/types\/product"}],"wp:attachment":[{"href":"https:\/\/www.ernstbrunn-apotheke.at\/katalog\/wp-json\/wp\/v2\/media?parent=36745"}],"wp:term":[{"taxonomy":"product_brand","embeddable":true,"href":"https:\/\/www.ernstbrunn-apotheke.at\/katalog\/wp-json\/wp\/v2\/product_brand?post=36745"},{"taxonomy":"product_cat","embeddable":true,"href":"https:\/\/www.ernstbrunn-apotheke.at\/katalog\/wp-json\/wp\/v2\/product_cat?post=36745"},{"taxonomy":"product_tag","embeddable":true,"href":"https:\/\/www.ernstbrunn-apotheke.at\/katalog\/wp-json\/wp\/v2\/product_tag?post=36745"}],"curies":[{"name":"wp","href":"https:\/\/api.w.org\/{rel}","templated":true}]}}