{"id":36724,"date":"2025-11-10T12:59:55","date_gmt":"2025-11-10T11:59:55","guid":{"rendered":"https:\/\/www.ernstbrunn-apotheke.at\/katalog\/produkt\/apopharm-bachblueten-rescue-n-spray-20-ml\/"},"modified":"2025-12-08T15:42:46","modified_gmt":"2025-12-08T14:42:46","slug":"apopharm-bachblueten-rescue-n-spray-20-ml","status":"publish","type":"product","link":"https:\/\/www.ernstbrunn-apotheke.at\/katalog\/produkt\/apopharm-bachblueten-rescue-n-spray-20-ml\/","title":{"rendered":"Apopharm Bachbl\u00fcten Rescue N Spray 20 ml"},"content":{"rendered":"<p>Apopharm Bachbl\u00fcten Rescue N Spray ist eine Kombination aus der Original Bach-Bl\u00fctenmischung Rescue und der Original Bach-Bl\u00fcte White Chestnut. Sie sorgt f\u00fcr Entspannung am Abend und einen erholsamen Schlaf. Einfach 2 Spr\u00fchst\u00f6\u00dfe auf die Zunge geben.<\/p>\n","protected":false},"excerpt":{"rendered":"<p>Apopharm Bachbl\u00fcten Rescue N Spray ist eine Kombination aus der Original Bach-Bl\u00fctenmischung Rescue und der Original Bach-Bl\u00fcte White Chestnut. Sie sorgt f\u00fcr Entspannung am Abend und einen erholsamen Schlaf. Einfach 2 Spr\u00fchst\u00f6\u00dfe auf die Zunge geben.<\/p>\n","protected":false},"featured_media":36726,"template":"","meta":{"_acf_changed":false},"product_brand":[],"product_cat":[801],"product_tag":[],"class_list":{"0":"post-36724","1":"product","2":"type-product","3":"status-publish","4":"has-post-thumbnail","6":"product_cat-a","7":"pa_packungsgroesse-20ml","9":"first","10":"instock","11":"shipping-taxable","12":"purchasable","13":"product-type-simple"},"acf":[],"_links":{"self":[{"href":"https:\/\/www.ernstbrunn-apotheke.at\/katalog\/wp-json\/wp\/v2\/product\/36724","targetHints":{"allow":["GET"]}}],"collection":[{"href":"https:\/\/www.ernstbrunn-apotheke.at\/katalog\/wp-json\/wp\/v2\/product"}],"about":[{"href":"https:\/\/www.ernstbrunn-apotheke.at\/katalog\/wp-json\/wp\/v2\/types\/product"}],"wp:featuredmedia":[{"embeddable":true,"href":"https:\/\/www.ernstbrunn-apotheke.at\/katalog\/wp-json\/wp\/v2\/media\/36726"}],"wp:attachment":[{"href":"https:\/\/www.ernstbrunn-apotheke.at\/katalog\/wp-json\/wp\/v2\/media?parent=36724"}],"wp:term":[{"taxonomy":"product_brand","embeddable":true,"href":"https:\/\/www.ernstbrunn-apotheke.at\/katalog\/wp-json\/wp\/v2\/product_brand?post=36724"},{"taxonomy":"product_cat","embeddable":true,"href":"https:\/\/www.ernstbrunn-apotheke.at\/katalog\/wp-json\/wp\/v2\/product_cat?post=36724"},{"taxonomy":"product_tag","embeddable":true,"href":"https:\/\/www.ernstbrunn-apotheke.at\/katalog\/wp-json\/wp\/v2\/product_tag?post=36724"}],"curies":[{"name":"wp","href":"https:\/\/api.w.org\/{rel}","templated":true}]}}